{"id":16031,"date":"2019-12-23T08:42:32","date_gmt":"2019-12-23T08:42:32","guid":{"rendered":"https:\/\/clipnclimb.com\/informationspaket-herunterladen\/"},"modified":"2022-02-04T10:38:31","modified_gmt":"2022-02-04T10:38:31","slug":"informationspaket-herunterladen","status":"publish","type":"page","link":"https:\/\/clipnclimb.com\/de\/informationspaket-herunterladen\/","title":{"rendered":"Informationspaket herunterladen"},"content":{"rendered":"","protected":false},"excerpt":{"rendered":"","protected":false},"author":13,"featured_media":0,"parent":0,"menu_order":0,"comment_status":"closed","ping_status":"closed","template":"template-information_pack.php","meta":{"_acf_changed":false,"inline_featured_image":false},"class_list":["post-16031","page","type-page","status-publish","hentry"],"acf":[],"yoast_head":"<!-- This site is optimized with the Yoast SEO plugin v24.9 - https:\/\/yoast.com\/wordpress\/plugins\/seo\/ -->\n<title>Clip &amp;apos;n Climb: Investieren Sie in Fun-Klettern<\/title>\n<meta name=\"description\" content=\"Sie m\u00f6chten in Clip &amp;apos;n Climb investieren und ben\u00f6tigen weitere Informationen? Laden Sie unser Informationspaket herunter und erfahren Sie alles \u00fcber unser gro\u00dfartiges Produkt!\" \/>\n<meta name=\"robots\" content=\"index, follow, max-snippet:-1, max-image-preview:large, max-video-preview:-1\" \/>\n<link rel=\"canonical\" href=\"https:\/\/clipnclimb.com\/de\/informationspaket-herunterladen\/\" \/>\n<meta property=\"og:locale\" content=\"de_DE\" \/>\n<meta property=\"og:type\" content=\"article\" \/>\n<meta property=\"og:title\" content=\"Clip &amp;apos;n Climb: Investieren Sie in Fun-Klettern\" \/>\n<meta property=\"og:description\" content=\"Sie m\u00f6chten in Clip &amp;apos;n Climb investieren und ben\u00f6tigen weitere Informationen? Laden Sie unser Informationspaket herunter und erfahren Sie alles \u00fcber unser gro\u00dfartiges Produkt!\" \/>\n<meta property=\"og:url\" content=\"https:\/\/clipnclimb.com\/de\/informationspaket-herunterladen\/\" \/>\n<meta property=\"og:site_name\" content=\"Clip &#039;n Climb\" \/>\n<meta property=\"article:modified_time\" content=\"2022-02-04T10:38:31+00:00\" \/>\n<meta name=\"twitter:card\" content=\"summary_large_image\" \/>\n<script type=\"application\/ld+json\" class=\"yoast-schema-graph\">{\"@context\":\"https:\/\/schema.org\",\"@graph\":[{\"@type\":\"WebPage\",\"@id\":\"https:\/\/clipnclimb.com\/de\/informationspaket-herunterladen\/\",\"url\":\"https:\/\/clipnclimb.com\/de\/informationspaket-herunterladen\/\",\"name\":\"Clip &apos;n Climb: Investieren Sie in Fun-Klettern\",\"isPartOf\":{\"@id\":\"https:\/\/clipnclimb.com\/de\/#website\"},\"datePublished\":\"2019-12-23T08:42:32+00:00\",\"dateModified\":\"2022-02-04T10:38:31+00:00\",\"description\":\"Sie m\u00f6chten in Clip &apos;n Climb investieren und ben\u00f6tigen weitere Informationen? Laden Sie unser Informationspaket herunter und erfahren Sie alles \u00fcber unser gro\u00dfartiges Produkt!\",\"breadcrumb\":{\"@id\":\"https:\/\/clipnclimb.com\/de\/informationspaket-herunterladen\/#breadcrumb\"},\"inLanguage\":\"de\",\"potentialAction\":[{\"@type\":\"ReadAction\",\"target\":[\"https:\/\/clipnclimb.com\/de\/informationspaket-herunterladen\/\"]}]},{\"@type\":\"BreadcrumbList\",\"@id\":\"https:\/\/clipnclimb.com\/de\/informationspaket-herunterladen\/#breadcrumb\",\"itemListElement\":[{\"@type\":\"ListItem\",\"position\":1,\"name\":\"Home\",\"item\":\"https:\/\/35.179.61.138\/de\/\"},{\"@type\":\"ListItem\",\"position\":2,\"name\":\"Informationspaket herunterladen\"}]},{\"@type\":\"WebSite\",\"@id\":\"https:\/\/clipnclimb.com\/de\/#website\",\"url\":\"https:\/\/clipnclimb.com\/de\/\",\"name\":\"Clip &#039;n Climb\",\"description\":\"The leader and creator of the fun climbing industry!\",\"potentialAction\":[{\"@type\":\"SearchAction\",\"target\":{\"@type\":\"EntryPoint\",\"urlTemplate\":\"https:\/\/clipnclimb.com\/de\/?s={search_term_string}\"},\"query-input\":{\"@type\":\"PropertyValueSpecification\",\"valueRequired\":true,\"valueName\":\"search_term_string\"}}],\"inLanguage\":\"de\"}]}<\/script>\n<!-- \/ Yoast SEO plugin. -->","yoast_head_json":{"title":"Clip &apos;n Climb: Investieren Sie in Fun-Klettern","description":"Sie m\u00f6chten in Clip &apos;n Climb investieren und ben\u00f6tigen weitere Informationen? Laden Sie unser Informationspaket herunter und erfahren Sie alles \u00fcber unser gro\u00dfartiges Produkt!","robots":{"index":"index","follow":"follow","max-snippet":"max-snippet:-1","max-image-preview":"max-image-preview:large","max-video-preview":"max-video-preview:-1"},"canonical":"https:\/\/clipnclimb.com\/de\/informationspaket-herunterladen\/","og_locale":"de_DE","og_type":"article","og_title":"Clip &apos;n Climb: Investieren Sie in Fun-Klettern","og_description":"Sie m\u00f6chten in Clip &apos;n Climb investieren und ben\u00f6tigen weitere Informationen? Laden Sie unser Informationspaket herunter und erfahren Sie alles \u00fcber unser gro\u00dfartiges Produkt!","og_url":"https:\/\/clipnclimb.com\/de\/informationspaket-herunterladen\/","og_site_name":"Clip &#039;n Climb","article_modified_time":"2022-02-04T10:38:31+00:00","twitter_card":"summary_large_image","schema":{"@context":"https:\/\/schema.org","@graph":[{"@type":"WebPage","@id":"https:\/\/clipnclimb.com\/de\/informationspaket-herunterladen\/","url":"https:\/\/clipnclimb.com\/de\/informationspaket-herunterladen\/","name":"Clip &apos;n Climb: Investieren Sie in Fun-Klettern","isPartOf":{"@id":"https:\/\/clipnclimb.com\/de\/#website"},"datePublished":"2019-12-23T08:42:32+00:00","dateModified":"2022-02-04T10:38:31+00:00","description":"Sie m\u00f6chten in Clip &apos;n Climb investieren und ben\u00f6tigen weitere Informationen? Laden Sie unser Informationspaket herunter und erfahren Sie alles \u00fcber unser gro\u00dfartiges Produkt!","breadcrumb":{"@id":"https:\/\/clipnclimb.com\/de\/informationspaket-herunterladen\/#breadcrumb"},"inLanguage":"de","potentialAction":[{"@type":"ReadAction","target":["https:\/\/clipnclimb.com\/de\/informationspaket-herunterladen\/"]}]},{"@type":"BreadcrumbList","@id":"https:\/\/clipnclimb.com\/de\/informationspaket-herunterladen\/#breadcrumb","itemListElement":[{"@type":"ListItem","position":1,"name":"Home","item":"https:\/\/35.179.61.138\/de\/"},{"@type":"ListItem","position":2,"name":"Informationspaket herunterladen"}]},{"@type":"WebSite","@id":"https:\/\/clipnclimb.com\/de\/#website","url":"https:\/\/clipnclimb.com\/de\/","name":"Clip &#039;n Climb","description":"The leader and creator of the fun climbing industry!","potentialAction":[{"@type":"SearchAction","target":{"@type":"EntryPoint","urlTemplate":"https:\/\/clipnclimb.com\/de\/?s={search_term_string}"},"query-input":{"@type":"PropertyValueSpecification","valueRequired":true,"valueName":"search_term_string"}}],"inLanguage":"de"}]}},"_links":{"self":[{"href":"https:\/\/clipnclimb.com\/de\/wp-json\/wp\/v2\/pages\/16031","targetHints":{"allow":["GET"]}}],"collection":[{"href":"https:\/\/clipnclimb.com\/de\/wp-json\/wp\/v2\/pages"}],"about":[{"href":"https:\/\/clipnclimb.com\/de\/wp-json\/wp\/v2\/types\/page"}],"author":[{"embeddable":true,"href":"https:\/\/clipnclimb.com\/de\/wp-json\/wp\/v2\/users\/13"}],"replies":[{"embeddable":true,"href":"https:\/\/clipnclimb.com\/de\/wp-json\/wp\/v2\/comments?post=16031"}],"version-history":[{"count":0,"href":"https:\/\/clipnclimb.com\/de\/wp-json\/wp\/v2\/pages\/16031\/revisions"}],"wp:attachment":[{"href":"https:\/\/clipnclimb.com\/de\/wp-json\/wp\/v2\/media?parent=16031"}],"curies":[{"name":"wp","href":"https:\/\/api.w.org\/{rel}","templated":true}]}}