{"id":16033,"date":"2019-12-23T08:42:36","date_gmt":"2019-12-23T08:42:36","guid":{"rendered":"https:\/\/clipnclimb.com\/zentren\/"},"modified":"2020-01-10T16:01:57","modified_gmt":"2020-01-10T16:01:57","slug":"zentren","status":"publish","type":"page","link":"https:\/\/clipnclimb.com\/de\/zentren\/","title":{"rendered":"Zentren"},"content":{"rendered":"","protected":false},"excerpt":{"rendered":"","protected":false},"author":2,"featured_media":0,"parent":0,"menu_order":0,"comment_status":"closed","ping_status":"closed","template":"template-centres.php","meta":{"_acf_changed":false,"inline_featured_image":false},"class_list":["post-16033","page","type-page","status-publish","hentry"],"acf":[],"yoast_head":"<!-- This site is optimized with the Yoast SEO plugin v24.9 - https:\/\/yoast.com\/wordpress\/plugins\/seo\/ -->\n<title>Clip &amp;apos;n Climb-Anlagen weltweit\u00a0\u2013 finden Sie die n\u00e4chstgelegene<\/title>\n<meta name=\"description\" content=\"Clip &amp;apos;n Climb hat derzeit ein Netzwerk von \u00fcber 300 Anlagen weltweit, verteilt auf allen Kontinenten! Finden Sie die am n\u00e4chsten gelegene Clip &amp;apos;n Climb-Anlage und buchen Sie eine Ladung gesundes Vergn\u00fcgen!\" \/>\n<meta name=\"robots\" content=\"index, follow, max-snippet:-1, max-image-preview:large, max-video-preview:-1\" \/>\n<link rel=\"canonical\" href=\"https:\/\/clipnclimb.com\/de\/zentren\/\" \/>\n<meta property=\"og:locale\" content=\"de_DE\" \/>\n<meta property=\"og:type\" content=\"article\" \/>\n<meta property=\"og:title\" content=\"Clip &amp;apos;n Climb-Anlagen weltweit\u00a0\u2013 finden Sie die n\u00e4chstgelegene\" \/>\n<meta property=\"og:description\" content=\"Clip &amp;apos;n Climb hat derzeit ein Netzwerk von \u00fcber 300 Anlagen weltweit, verteilt auf allen Kontinenten! Finden Sie die am n\u00e4chsten gelegene Clip &amp;apos;n Climb-Anlage und buchen Sie eine Ladung gesundes Vergn\u00fcgen!\" \/>\n<meta property=\"og:url\" content=\"https:\/\/clipnclimb.com\/de\/zentren\/\" \/>\n<meta property=\"og:site_name\" content=\"Clip &#039;n Climb\" \/>\n<meta property=\"article:modified_time\" content=\"2020-01-10T16:01:57+00:00\" \/>\n<meta name=\"twitter:card\" content=\"summary_large_image\" \/>\n<script type=\"application\/ld+json\" class=\"yoast-schema-graph\">{\"@context\":\"https:\/\/schema.org\",\"@graph\":[{\"@type\":\"WebPage\",\"@id\":\"https:\/\/clipnclimb.com\/de\/zentren\/\",\"url\":\"https:\/\/clipnclimb.com\/de\/zentren\/\",\"name\":\"Clip &apos;n Climb-Anlagen weltweit\u00a0\u2013 finden Sie die n\u00e4chstgelegene\",\"isPartOf\":{\"@id\":\"https:\/\/clipnclimb.com\/de\/#website\"},\"datePublished\":\"2019-12-23T08:42:36+00:00\",\"dateModified\":\"2020-01-10T16:01:57+00:00\",\"description\":\"Clip &apos;n Climb hat derzeit ein Netzwerk von \u00fcber 300 Anlagen weltweit, verteilt auf allen Kontinenten! Finden Sie die am n\u00e4chsten gelegene Clip &apos;n Climb-Anlage und buchen Sie eine Ladung gesundes Vergn\u00fcgen!\",\"breadcrumb\":{\"@id\":\"https:\/\/clipnclimb.com\/de\/zentren\/#breadcrumb\"},\"inLanguage\":\"de\",\"potentialAction\":[{\"@type\":\"ReadAction\",\"target\":[\"https:\/\/clipnclimb.com\/de\/zentren\/\"]}]},{\"@type\":\"BreadcrumbList\",\"@id\":\"https:\/\/clipnclimb.com\/de\/zentren\/#breadcrumb\",\"itemListElement\":[{\"@type\":\"ListItem\",\"position\":1,\"name\":\"Home\",\"item\":\"https:\/\/35.179.61.138\/de\/\"},{\"@type\":\"ListItem\",\"position\":2,\"name\":\"Zentren\"}]},{\"@type\":\"WebSite\",\"@id\":\"https:\/\/clipnclimb.com\/de\/#website\",\"url\":\"https:\/\/clipnclimb.com\/de\/\",\"name\":\"Clip &#039;n Climb\",\"description\":\"The leader and creator of the fun climbing industry!\",\"potentialAction\":[{\"@type\":\"SearchAction\",\"target\":{\"@type\":\"EntryPoint\",\"urlTemplate\":\"https:\/\/clipnclimb.com\/de\/?s={search_term_string}\"},\"query-input\":{\"@type\":\"PropertyValueSpecification\",\"valueRequired\":true,\"valueName\":\"search_term_string\"}}],\"inLanguage\":\"de\"}]}<\/script>\n<!-- \/ Yoast SEO plugin. -->","yoast_head_json":{"title":"Clip &apos;n Climb-Anlagen weltweit\u00a0\u2013 finden Sie die n\u00e4chstgelegene","description":"Clip &apos;n Climb hat derzeit ein Netzwerk von \u00fcber 300 Anlagen weltweit, verteilt auf allen Kontinenten! Finden Sie die am n\u00e4chsten gelegene Clip &apos;n Climb-Anlage und buchen Sie eine Ladung gesundes Vergn\u00fcgen!","robots":{"index":"index","follow":"follow","max-snippet":"max-snippet:-1","max-image-preview":"max-image-preview:large","max-video-preview":"max-video-preview:-1"},"canonical":"https:\/\/clipnclimb.com\/de\/zentren\/","og_locale":"de_DE","og_type":"article","og_title":"Clip &apos;n Climb-Anlagen weltweit\u00a0\u2013 finden Sie die n\u00e4chstgelegene","og_description":"Clip &apos;n Climb hat derzeit ein Netzwerk von \u00fcber 300 Anlagen weltweit, verteilt auf allen Kontinenten! Finden Sie die am n\u00e4chsten gelegene Clip &apos;n Climb-Anlage und buchen Sie eine Ladung gesundes Vergn\u00fcgen!","og_url":"https:\/\/clipnclimb.com\/de\/zentren\/","og_site_name":"Clip &#039;n Climb","article_modified_time":"2020-01-10T16:01:57+00:00","twitter_card":"summary_large_image","schema":{"@context":"https:\/\/schema.org","@graph":[{"@type":"WebPage","@id":"https:\/\/clipnclimb.com\/de\/zentren\/","url":"https:\/\/clipnclimb.com\/de\/zentren\/","name":"Clip &apos;n Climb-Anlagen weltweit\u00a0\u2013 finden Sie die n\u00e4chstgelegene","isPartOf":{"@id":"https:\/\/clipnclimb.com\/de\/#website"},"datePublished":"2019-12-23T08:42:36+00:00","dateModified":"2020-01-10T16:01:57+00:00","description":"Clip &apos;n Climb hat derzeit ein Netzwerk von \u00fcber 300 Anlagen weltweit, verteilt auf allen Kontinenten! Finden Sie die am n\u00e4chsten gelegene Clip &apos;n Climb-Anlage und buchen Sie eine Ladung gesundes Vergn\u00fcgen!","breadcrumb":{"@id":"https:\/\/clipnclimb.com\/de\/zentren\/#breadcrumb"},"inLanguage":"de","potentialAction":[{"@type":"ReadAction","target":["https:\/\/clipnclimb.com\/de\/zentren\/"]}]},{"@type":"BreadcrumbList","@id":"https:\/\/clipnclimb.com\/de\/zentren\/#breadcrumb","itemListElement":[{"@type":"ListItem","position":1,"name":"Home","item":"https:\/\/35.179.61.138\/de\/"},{"@type":"ListItem","position":2,"name":"Zentren"}]},{"@type":"WebSite","@id":"https:\/\/clipnclimb.com\/de\/#website","url":"https:\/\/clipnclimb.com\/de\/","name":"Clip &#039;n Climb","description":"The leader and creator of the fun climbing industry!","potentialAction":[{"@type":"SearchAction","target":{"@type":"EntryPoint","urlTemplate":"https:\/\/clipnclimb.com\/de\/?s={search_term_string}"},"query-input":{"@type":"PropertyValueSpecification","valueRequired":true,"valueName":"search_term_string"}}],"inLanguage":"de"}]}},"_links":{"self":[{"href":"https:\/\/clipnclimb.com\/de\/wp-json\/wp\/v2\/pages\/16033","targetHints":{"allow":["GET"]}}],"collection":[{"href":"https:\/\/clipnclimb.com\/de\/wp-json\/wp\/v2\/pages"}],"about":[{"href":"https:\/\/clipnclimb.com\/de\/wp-json\/wp\/v2\/types\/page"}],"author":[{"embeddable":true,"href":"https:\/\/clipnclimb.com\/de\/wp-json\/wp\/v2\/users\/2"}],"replies":[{"embeddable":true,"href":"https:\/\/clipnclimb.com\/de\/wp-json\/wp\/v2\/comments?post=16033"}],"version-history":[{"count":0,"href":"https:\/\/clipnclimb.com\/de\/wp-json\/wp\/v2\/pages\/16033\/revisions"}],"wp:attachment":[{"href":"https:\/\/clipnclimb.com\/de\/wp-json\/wp\/v2\/media?parent=16033"}],"curies":[{"name":"wp","href":"https:\/\/api.w.org\/{rel}","templated":true}]}}