{"id":16057,"date":"2019-12-23T08:44:03","date_gmt":"2019-12-23T08:44:03","guid":{"rendered":"https:\/\/clipnclimb.com\/umkleiderume\/"},"modified":"2024-05-15T10:59:04","modified_gmt":"2024-05-15T08:59:04","slug":"umkleiderume","status":"publish","type":"page","link":"https:\/\/clipnclimb.com\/de\/unsere-produkte\/umkleiderume\/","title":{"rendered":"Umkleider&auml;ume"},"content":{"rendered":"","protected":false},"excerpt":{"rendered":"","protected":false},"author":13,"featured_media":0,"parent":16130,"menu_order":0,"comment_status":"closed","ping_status":"closed","template":"template-pagebuilder.php","meta":{"_acf_changed":false,"inline_featured_image":false},"class_list":["post-16057","page","type-page","status-publish","hentry"],"acf":[],"yoast_head":"<!-- This site is optimized with the Yoast SEO plugin v24.9 - https:\/\/yoast.com\/wordpress\/plugins\/seo\/ -->\n<title>Ausstattung f\u00fcr Umkleider\u00e4ume in Freizeitzentren!<\/title>\n<meta name=\"description\" content=\"Umkleider\u00e4ume sind ein wesentlicher Teil in jedem Freizeitzentrum. France Equipment, ein Schwesterunternehmen von Clip &amp;apos;n Climb, bietet eine gro\u00dfe Bandbreite an M\u00f6glichkeiten!\" \/>\n<meta name=\"robots\" content=\"index, follow, max-snippet:-1, max-image-preview:large, max-video-preview:-1\" \/>\n<link rel=\"canonical\" href=\"https:\/\/clipnclimb.com\/de\/unsere-produkte\/umkleiderume\/\" \/>\n<meta property=\"og:locale\" content=\"de_DE\" \/>\n<meta property=\"og:type\" content=\"article\" \/>\n<meta property=\"og:title\" content=\"Ausstattung f\u00fcr Umkleider\u00e4ume in Freizeitzentren!\" \/>\n<meta property=\"og:description\" content=\"Umkleider\u00e4ume sind ein wesentlicher Teil in jedem Freizeitzentrum. France Equipment, ein Schwesterunternehmen von Clip &amp;apos;n Climb, bietet eine gro\u00dfe Bandbreite an M\u00f6glichkeiten!\" \/>\n<meta property=\"og:url\" content=\"https:\/\/clipnclimb.com\/de\/unsere-produkte\/umkleiderume\/\" \/>\n<meta property=\"og:site_name\" content=\"Clip &#039;n Climb\" \/>\n<meta property=\"article:modified_time\" content=\"2024-05-15T08:59:04+00:00\" \/>\n<meta name=\"twitter:card\" content=\"summary_large_image\" \/>\n<script type=\"application\/ld+json\" class=\"yoast-schema-graph\">{\"@context\":\"https:\/\/schema.org\",\"@graph\":[{\"@type\":\"WebPage\",\"@id\":\"https:\/\/clipnclimb.com\/de\/unsere-produkte\/umkleiderume\/\",\"url\":\"https:\/\/clipnclimb.com\/de\/unsere-produkte\/umkleiderume\/\",\"name\":\"Ausstattung f\u00fcr Umkleider\u00e4ume in Freizeitzentren!\",\"isPartOf\":{\"@id\":\"https:\/\/clipnclimb.com\/de\/#website\"},\"datePublished\":\"2019-12-23T08:44:03+00:00\",\"dateModified\":\"2024-05-15T08:59:04+00:00\",\"description\":\"Umkleider\u00e4ume sind ein wesentlicher Teil in jedem Freizeitzentrum. France Equipment, ein Schwesterunternehmen von Clip &apos;n Climb, bietet eine gro\u00dfe Bandbreite an M\u00f6glichkeiten!\",\"breadcrumb\":{\"@id\":\"https:\/\/clipnclimb.com\/de\/unsere-produkte\/umkleiderume\/#breadcrumb\"},\"inLanguage\":\"de\",\"potentialAction\":[{\"@type\":\"ReadAction\",\"target\":[\"https:\/\/clipnclimb.com\/de\/unsere-produkte\/umkleiderume\/\"]}]},{\"@type\":\"BreadcrumbList\",\"@id\":\"https:\/\/clipnclimb.com\/de\/unsere-produkte\/umkleiderume\/#breadcrumb\",\"itemListElement\":[{\"@type\":\"ListItem\",\"position\":1,\"name\":\"Home\",\"item\":\"https:\/\/35.179.61.138\/de\/\"},{\"@type\":\"ListItem\",\"position\":2,\"name\":\"Unsere Produkte\",\"item\":\"https:\/\/clipnclimb.com\/de\/unsere-produkte\/\"},{\"@type\":\"ListItem\",\"position\":3,\"name\":\"Umkleider&auml;ume\"}]},{\"@type\":\"WebSite\",\"@id\":\"https:\/\/clipnclimb.com\/de\/#website\",\"url\":\"https:\/\/clipnclimb.com\/de\/\",\"name\":\"Clip &#039;n Climb\",\"description\":\"The leader and creator of the fun climbing industry!\",\"potentialAction\":[{\"@type\":\"SearchAction\",\"target\":{\"@type\":\"EntryPoint\",\"urlTemplate\":\"https:\/\/clipnclimb.com\/de\/?s={search_term_string}\"},\"query-input\":{\"@type\":\"PropertyValueSpecification\",\"valueRequired\":true,\"valueName\":\"search_term_string\"}}],\"inLanguage\":\"de\"}]}<\/script>\n<!-- \/ Yoast SEO plugin. -->","yoast_head_json":{"title":"Ausstattung f\u00fcr Umkleider\u00e4ume in Freizeitzentren!","description":"Umkleider\u00e4ume sind ein wesentlicher Teil in jedem Freizeitzentrum. France Equipment, ein Schwesterunternehmen von Clip &apos;n Climb, bietet eine gro\u00dfe Bandbreite an M\u00f6glichkeiten!","robots":{"index":"index","follow":"follow","max-snippet":"max-snippet:-1","max-image-preview":"max-image-preview:large","max-video-preview":"max-video-preview:-1"},"canonical":"https:\/\/clipnclimb.com\/de\/unsere-produkte\/umkleiderume\/","og_locale":"de_DE","og_type":"article","og_title":"Ausstattung f\u00fcr Umkleider\u00e4ume in Freizeitzentren!","og_description":"Umkleider\u00e4ume sind ein wesentlicher Teil in jedem Freizeitzentrum. France Equipment, ein Schwesterunternehmen von Clip &apos;n Climb, bietet eine gro\u00dfe Bandbreite an M\u00f6glichkeiten!","og_url":"https:\/\/clipnclimb.com\/de\/unsere-produkte\/umkleiderume\/","og_site_name":"Clip &#039;n Climb","article_modified_time":"2024-05-15T08:59:04+00:00","twitter_card":"summary_large_image","schema":{"@context":"https:\/\/schema.org","@graph":[{"@type":"WebPage","@id":"https:\/\/clipnclimb.com\/de\/unsere-produkte\/umkleiderume\/","url":"https:\/\/clipnclimb.com\/de\/unsere-produkte\/umkleiderume\/","name":"Ausstattung f\u00fcr Umkleider\u00e4ume in Freizeitzentren!","isPartOf":{"@id":"https:\/\/clipnclimb.com\/de\/#website"},"datePublished":"2019-12-23T08:44:03+00:00","dateModified":"2024-05-15T08:59:04+00:00","description":"Umkleider\u00e4ume sind ein wesentlicher Teil in jedem Freizeitzentrum. France Equipment, ein Schwesterunternehmen von Clip &apos;n Climb, bietet eine gro\u00dfe Bandbreite an M\u00f6glichkeiten!","breadcrumb":{"@id":"https:\/\/clipnclimb.com\/de\/unsere-produkte\/umkleiderume\/#breadcrumb"},"inLanguage":"de","potentialAction":[{"@type":"ReadAction","target":["https:\/\/clipnclimb.com\/de\/unsere-produkte\/umkleiderume\/"]}]},{"@type":"BreadcrumbList","@id":"https:\/\/clipnclimb.com\/de\/unsere-produkte\/umkleiderume\/#breadcrumb","itemListElement":[{"@type":"ListItem","position":1,"name":"Home","item":"https:\/\/35.179.61.138\/de\/"},{"@type":"ListItem","position":2,"name":"Unsere Produkte","item":"https:\/\/clipnclimb.com\/de\/unsere-produkte\/"},{"@type":"ListItem","position":3,"name":"Umkleider&auml;ume"}]},{"@type":"WebSite","@id":"https:\/\/clipnclimb.com\/de\/#website","url":"https:\/\/clipnclimb.com\/de\/","name":"Clip &#039;n Climb","description":"The leader and creator of the fun climbing industry!","potentialAction":[{"@type":"SearchAction","target":{"@type":"EntryPoint","urlTemplate":"https:\/\/clipnclimb.com\/de\/?s={search_term_string}"},"query-input":{"@type":"PropertyValueSpecification","valueRequired":true,"valueName":"search_term_string"}}],"inLanguage":"de"}]}},"_links":{"self":[{"href":"https:\/\/clipnclimb.com\/de\/wp-json\/wp\/v2\/pages\/16057","targetHints":{"allow":["GET"]}}],"collection":[{"href":"https:\/\/clipnclimb.com\/de\/wp-json\/wp\/v2\/pages"}],"about":[{"href":"https:\/\/clipnclimb.com\/de\/wp-json\/wp\/v2\/types\/page"}],"author":[{"embeddable":true,"href":"https:\/\/clipnclimb.com\/de\/wp-json\/wp\/v2\/users\/13"}],"replies":[{"embeddable":true,"href":"https:\/\/clipnclimb.com\/de\/wp-json\/wp\/v2\/comments?post=16057"}],"version-history":[{"count":1,"href":"https:\/\/clipnclimb.com\/de\/wp-json\/wp\/v2\/pages\/16057\/revisions"}],"predecessor-version":[{"id":25540,"href":"https:\/\/clipnclimb.com\/de\/wp-json\/wp\/v2\/pages\/16057\/revisions\/25540"}],"up":[{"embeddable":true,"href":"https:\/\/clipnclimb.com\/de\/wp-json\/wp\/v2\/pages\/16130"}],"wp:attachment":[{"href":"https:\/\/clipnclimb.com\/de\/wp-json\/wp\/v2\/media?parent=16057"}],"curies":[{"name":"wp","href":"https:\/\/api.w.org\/{rel}","templated":true}]}}