{"id":16094,"date":"2019-12-23T08:44:52","date_gmt":"2019-12-23T08:44:52","guid":{"rendered":"https:\/\/clipnclimb.com\/jungle-chase-und-smartwall\/"},"modified":"2020-01-15T10:31:07","modified_gmt":"2020-01-15T10:31:07","slug":"jungle-chase-und-smartwall","status":"publish","type":"page","link":"https:\/\/clipnclimb.com\/de\/unsere-produkte\/jungle-chase-und-smartwall\/","title":{"rendered":"Jungle Chase und Smartwall"},"content":{"rendered":"","protected":false},"excerpt":{"rendered":"","protected":false},"author":13,"featured_media":0,"parent":16130,"menu_order":0,"comment_status":"closed","ping_status":"closed","template":"template-single_product.php","meta":{"_acf_changed":false,"inline_featured_image":false},"class_list":["post-16094","page","type-page","status-publish","hentry"],"acf":[],"yoast_head":"<!-- This site is optimized with the Yoast SEO plugin v24.9 - https:\/\/yoast.com\/wordpress\/plugins\/seo\/ -->\n<title>Interaktive Erg\u00e4nzung f\u00fcr Clip\u00a0&amp;apos;n\u00a0Climb: Jungle Chase und Smartwall!<\/title>\n<meta name=\"description\" content=\"Sie suchen nach einer interaktiven Erg\u00e4nzung f\u00fcr Ihre Clip &amp;apos;n Climb-Anlage? Die interaktiven Spiele Jungle Chase und Smartwall sind hervorragende Erg\u00e4nzungen!\" \/>\n<meta name=\"robots\" content=\"index, follow, max-snippet:-1, max-image-preview:large, max-video-preview:-1\" \/>\n<link rel=\"canonical\" href=\"https:\/\/clipnclimb.com\/de\/unsere-produkte\/jungle-chase-und-smartwall\/\" \/>\n<meta property=\"og:locale\" content=\"de_DE\" \/>\n<meta property=\"og:type\" content=\"article\" \/>\n<meta property=\"og:title\" content=\"Interaktive Erg\u00e4nzung f\u00fcr Clip\u00a0&amp;apos;n\u00a0Climb: Jungle Chase und Smartwall!\" \/>\n<meta property=\"og:description\" content=\"Sie suchen nach einer interaktiven Erg\u00e4nzung f\u00fcr Ihre Clip &amp;apos;n Climb-Anlage? Die interaktiven Spiele Jungle Chase und Smartwall sind hervorragende Erg\u00e4nzungen!\" \/>\n<meta property=\"og:url\" content=\"https:\/\/clipnclimb.com\/de\/unsere-produkte\/jungle-chase-und-smartwall\/\" \/>\n<meta property=\"og:site_name\" content=\"Clip &#039;n Climb\" \/>\n<meta property=\"article:modified_time\" content=\"2020-01-15T10:31:07+00:00\" \/>\n<meta name=\"twitter:card\" content=\"summary_large_image\" \/>\n<script type=\"application\/ld+json\" class=\"yoast-schema-graph\">{\"@context\":\"https:\/\/schema.org\",\"@graph\":[{\"@type\":\"WebPage\",\"@id\":\"https:\/\/clipnclimb.com\/de\/unsere-produkte\/jungle-chase-und-smartwall\/\",\"url\":\"https:\/\/clipnclimb.com\/de\/unsere-produkte\/jungle-chase-und-smartwall\/\",\"name\":\"Interaktive Erg\u00e4nzung f\u00fcr Clip\u00a0&apos;n\u00a0Climb: Jungle Chase und Smartwall!\",\"isPartOf\":{\"@id\":\"https:\/\/clipnclimb.com\/de\/#website\"},\"datePublished\":\"2019-12-23T08:44:52+00:00\",\"dateModified\":\"2020-01-15T10:31:07+00:00\",\"description\":\"Sie suchen nach einer interaktiven Erg\u00e4nzung f\u00fcr Ihre Clip &apos;n Climb-Anlage? Die interaktiven Spiele Jungle Chase und Smartwall sind hervorragende Erg\u00e4nzungen!\",\"breadcrumb\":{\"@id\":\"https:\/\/clipnclimb.com\/de\/unsere-produkte\/jungle-chase-und-smartwall\/#breadcrumb\"},\"inLanguage\":\"de\",\"potentialAction\":[{\"@type\":\"ReadAction\",\"target\":[\"https:\/\/clipnclimb.com\/de\/unsere-produkte\/jungle-chase-und-smartwall\/\"]}]},{\"@type\":\"BreadcrumbList\",\"@id\":\"https:\/\/clipnclimb.com\/de\/unsere-produkte\/jungle-chase-und-smartwall\/#breadcrumb\",\"itemListElement\":[{\"@type\":\"ListItem\",\"position\":1,\"name\":\"Home\",\"item\":\"https:\/\/clipnclimb.com\/de\/\"},{\"@type\":\"ListItem\",\"position\":2,\"name\":\"Unsere Produkte\",\"item\":\"https:\/\/clipnclimb.com\/de\/unsere-produkte\/\"},{\"@type\":\"ListItem\",\"position\":3,\"name\":\"Jungle Chase und Smartwall\"}]},{\"@type\":\"WebSite\",\"@id\":\"https:\/\/clipnclimb.com\/de\/#website\",\"url\":\"https:\/\/clipnclimb.com\/de\/\",\"name\":\"Clip &#039;n Climb\",\"description\":\"The leader and creator of the fun climbing industry!\",\"potentialAction\":[{\"@type\":\"SearchAction\",\"target\":{\"@type\":\"EntryPoint\",\"urlTemplate\":\"https:\/\/clipnclimb.com\/de\/?s={search_term_string}\"},\"query-input\":{\"@type\":\"PropertyValueSpecification\",\"valueRequired\":true,\"valueName\":\"search_term_string\"}}],\"inLanguage\":\"de\"}]}<\/script>\n<!-- \/ Yoast SEO plugin. -->","yoast_head_json":{"title":"Interaktive Erg\u00e4nzung f\u00fcr Clip\u00a0&apos;n\u00a0Climb: Jungle Chase und Smartwall!","description":"Sie suchen nach einer interaktiven Erg\u00e4nzung f\u00fcr Ihre Clip &apos;n Climb-Anlage? Die interaktiven Spiele Jungle Chase und Smartwall sind hervorragende Erg\u00e4nzungen!","robots":{"index":"index","follow":"follow","max-snippet":"max-snippet:-1","max-image-preview":"max-image-preview:large","max-video-preview":"max-video-preview:-1"},"canonical":"https:\/\/clipnclimb.com\/de\/unsere-produkte\/jungle-chase-und-smartwall\/","og_locale":"de_DE","og_type":"article","og_title":"Interaktive Erg\u00e4nzung f\u00fcr Clip\u00a0&apos;n\u00a0Climb: Jungle Chase und Smartwall!","og_description":"Sie suchen nach einer interaktiven Erg\u00e4nzung f\u00fcr Ihre Clip &apos;n Climb-Anlage? Die interaktiven Spiele Jungle Chase und Smartwall sind hervorragende Erg\u00e4nzungen!","og_url":"https:\/\/clipnclimb.com\/de\/unsere-produkte\/jungle-chase-und-smartwall\/","og_site_name":"Clip &#039;n Climb","article_modified_time":"2020-01-15T10:31:07+00:00","twitter_card":"summary_large_image","schema":{"@context":"https:\/\/schema.org","@graph":[{"@type":"WebPage","@id":"https:\/\/clipnclimb.com\/de\/unsere-produkte\/jungle-chase-und-smartwall\/","url":"https:\/\/clipnclimb.com\/de\/unsere-produkte\/jungle-chase-und-smartwall\/","name":"Interaktive Erg\u00e4nzung f\u00fcr Clip\u00a0&apos;n\u00a0Climb: Jungle Chase und Smartwall!","isPartOf":{"@id":"https:\/\/clipnclimb.com\/de\/#website"},"datePublished":"2019-12-23T08:44:52+00:00","dateModified":"2020-01-15T10:31:07+00:00","description":"Sie suchen nach einer interaktiven Erg\u00e4nzung f\u00fcr Ihre Clip &apos;n Climb-Anlage? Die interaktiven Spiele Jungle Chase und Smartwall sind hervorragende Erg\u00e4nzungen!","breadcrumb":{"@id":"https:\/\/clipnclimb.com\/de\/unsere-produkte\/jungle-chase-und-smartwall\/#breadcrumb"},"inLanguage":"de","potentialAction":[{"@type":"ReadAction","target":["https:\/\/clipnclimb.com\/de\/unsere-produkte\/jungle-chase-und-smartwall\/"]}]},{"@type":"BreadcrumbList","@id":"https:\/\/clipnclimb.com\/de\/unsere-produkte\/jungle-chase-und-smartwall\/#breadcrumb","itemListElement":[{"@type":"ListItem","position":1,"name":"Home","item":"https:\/\/clipnclimb.com\/de\/"},{"@type":"ListItem","position":2,"name":"Unsere Produkte","item":"https:\/\/clipnclimb.com\/de\/unsere-produkte\/"},{"@type":"ListItem","position":3,"name":"Jungle Chase und Smartwall"}]},{"@type":"WebSite","@id":"https:\/\/clipnclimb.com\/de\/#website","url":"https:\/\/clipnclimb.com\/de\/","name":"Clip &#039;n Climb","description":"The leader and creator of the fun climbing industry!","potentialAction":[{"@type":"SearchAction","target":{"@type":"EntryPoint","urlTemplate":"https:\/\/clipnclimb.com\/de\/?s={search_term_string}"},"query-input":{"@type":"PropertyValueSpecification","valueRequired":true,"valueName":"search_term_string"}}],"inLanguage":"de"}]}},"_links":{"self":[{"href":"https:\/\/clipnclimb.com\/de\/wp-json\/wp\/v2\/pages\/16094","targetHints":{"allow":["GET"]}}],"collection":[{"href":"https:\/\/clipnclimb.com\/de\/wp-json\/wp\/v2\/pages"}],"about":[{"href":"https:\/\/clipnclimb.com\/de\/wp-json\/wp\/v2\/types\/page"}],"author":[{"embeddable":true,"href":"https:\/\/clipnclimb.com\/de\/wp-json\/wp\/v2\/users\/13"}],"replies":[{"embeddable":true,"href":"https:\/\/clipnclimb.com\/de\/wp-json\/wp\/v2\/comments?post=16094"}],"version-history":[{"count":0,"href":"https:\/\/clipnclimb.com\/de\/wp-json\/wp\/v2\/pages\/16094\/revisions"}],"up":[{"embeddable":true,"href":"https:\/\/clipnclimb.com\/de\/wp-json\/wp\/v2\/pages\/16130"}],"wp:attachment":[{"href":"https:\/\/clipnclimb.com\/de\/wp-json\/wp\/v2\/media?parent=16094"}],"curies":[{"name":"wp","href":"https:\/\/api.w.org\/{rel}","templated":true}]}}