{"id":16097,"date":"2019-12-23T08:45:00","date_gmt":"2019-12-23T08:45:00","guid":{"rendered":"https:\/\/clipnclimb.com\/in-clip-n-climb-investieren\/"},"modified":"2020-01-15T10:52:22","modified_gmt":"2020-01-15T10:52:22","slug":"in-clip-n-climb-investieren","status":"publish","type":"page","link":"https:\/\/clipnclimb.com\/de\/in-clip-n-climb-investieren\/","title":{"rendered":"In Clip &#8217;n Climb investieren"},"content":{"rendered":"","protected":false},"excerpt":{"rendered":"","protected":false},"author":13,"featured_media":0,"parent":0,"menu_order":0,"comment_status":"closed","ping_status":"closed","template":"template-single_product.php","meta":{"_acf_changed":false,"inline_featured_image":false},"class_list":["post-16097","page","type-page","status-publish","hentry"],"acf":[],"yoast_head":"<!-- This site is optimized with the Yoast SEO plugin v24.9 - https:\/\/yoast.com\/wordpress\/plugins\/seo\/ -->\n<title>Investieren Sie in Clip &#039;n Climb\u00a0\u2013 das innovative Konzept \u201eFun-Klettern\u201c<\/title>\n<meta name=\"description\" content=\"Sie suchen nach einer gesunden Investitionsgelegenheit und m\u00f6chten Ihren Kunden ein einzigartiges Erlebnis bieten? Wir suchen nach motivierten Gesch\u00e4ftsleuten, die sich unserer internationalen Marke anschlie\u00dfen m\u00f6chten!\" \/>\n<meta name=\"robots\" content=\"index, follow, max-snippet:-1, max-image-preview:large, max-video-preview:-1\" \/>\n<link rel=\"canonical\" href=\"https:\/\/clipnclimb.com\/de\/in-clip-n-climb-investieren\/\" \/>\n<meta property=\"og:locale\" content=\"de_DE\" \/>\n<meta property=\"og:type\" content=\"article\" \/>\n<meta property=\"og:title\" content=\"Investieren Sie in Clip &#039;n Climb\u00a0\u2013 das innovative Konzept \u201eFun-Klettern\u201c\" \/>\n<meta property=\"og:description\" content=\"Sie suchen nach einer gesunden Investitionsgelegenheit und m\u00f6chten Ihren Kunden ein einzigartiges Erlebnis bieten? Wir suchen nach motivierten Gesch\u00e4ftsleuten, die sich unserer internationalen Marke anschlie\u00dfen m\u00f6chten!\" \/>\n<meta property=\"og:url\" content=\"https:\/\/clipnclimb.com\/de\/in-clip-n-climb-investieren\/\" \/>\n<meta property=\"og:site_name\" content=\"Clip &#039;n Climb\" \/>\n<meta property=\"article:modified_time\" content=\"2020-01-15T10:52:22+00:00\" \/>\n<meta name=\"twitter:card\" content=\"summary_large_image\" \/>\n<script type=\"application\/ld+json\" class=\"yoast-schema-graph\">{\"@context\":\"https:\/\/schema.org\",\"@graph\":[{\"@type\":\"WebPage\",\"@id\":\"https:\/\/clipnclimb.com\/de\/in-clip-n-climb-investieren\/\",\"url\":\"https:\/\/clipnclimb.com\/de\/in-clip-n-climb-investieren\/\",\"name\":\"Investieren Sie in Clip 'n Climb\u00a0\u2013 das innovative Konzept \u201eFun-Klettern\u201c\",\"isPartOf\":{\"@id\":\"https:\/\/clipnclimb.com\/de\/#website\"},\"datePublished\":\"2019-12-23T08:45:00+00:00\",\"dateModified\":\"2020-01-15T10:52:22+00:00\",\"description\":\"Sie suchen nach einer gesunden Investitionsgelegenheit und m\u00f6chten Ihren Kunden ein einzigartiges Erlebnis bieten? Wir suchen nach motivierten Gesch\u00e4ftsleuten, die sich unserer internationalen Marke anschlie\u00dfen m\u00f6chten!\",\"breadcrumb\":{\"@id\":\"https:\/\/clipnclimb.com\/de\/in-clip-n-climb-investieren\/#breadcrumb\"},\"inLanguage\":\"de\",\"potentialAction\":[{\"@type\":\"ReadAction\",\"target\":[\"https:\/\/clipnclimb.com\/de\/in-clip-n-climb-investieren\/\"]}]},{\"@type\":\"BreadcrumbList\",\"@id\":\"https:\/\/clipnclimb.com\/de\/in-clip-n-climb-investieren\/#breadcrumb\",\"itemListElement\":[{\"@type\":\"ListItem\",\"position\":1,\"name\":\"Home\",\"item\":\"https:\/\/clipnclimb.com\/de\/\"},{\"@type\":\"ListItem\",\"position\":2,\"name\":\"In Clip &#8217;n Climb investieren\"}]},{\"@type\":\"WebSite\",\"@id\":\"https:\/\/clipnclimb.com\/de\/#website\",\"url\":\"https:\/\/clipnclimb.com\/de\/\",\"name\":\"Clip &#039;n Climb\",\"description\":\"The leader and creator of the fun climbing industry!\",\"potentialAction\":[{\"@type\":\"SearchAction\",\"target\":{\"@type\":\"EntryPoint\",\"urlTemplate\":\"https:\/\/clipnclimb.com\/de\/?s={search_term_string}\"},\"query-input\":{\"@type\":\"PropertyValueSpecification\",\"valueRequired\":true,\"valueName\":\"search_term_string\"}}],\"inLanguage\":\"de\"}]}<\/script>\n<!-- \/ Yoast SEO plugin. -->","yoast_head_json":{"title":"Investieren Sie in Clip 'n Climb\u00a0\u2013 das innovative Konzept \u201eFun-Klettern\u201c","description":"Sie suchen nach einer gesunden Investitionsgelegenheit und m\u00f6chten Ihren Kunden ein einzigartiges Erlebnis bieten? Wir suchen nach motivierten Gesch\u00e4ftsleuten, die sich unserer internationalen Marke anschlie\u00dfen m\u00f6chten!","robots":{"index":"index","follow":"follow","max-snippet":"max-snippet:-1","max-image-preview":"max-image-preview:large","max-video-preview":"max-video-preview:-1"},"canonical":"https:\/\/clipnclimb.com\/de\/in-clip-n-climb-investieren\/","og_locale":"de_DE","og_type":"article","og_title":"Investieren Sie in Clip 'n Climb\u00a0\u2013 das innovative Konzept \u201eFun-Klettern\u201c","og_description":"Sie suchen nach einer gesunden Investitionsgelegenheit und m\u00f6chten Ihren Kunden ein einzigartiges Erlebnis bieten? Wir suchen nach motivierten Gesch\u00e4ftsleuten, die sich unserer internationalen Marke anschlie\u00dfen m\u00f6chten!","og_url":"https:\/\/clipnclimb.com\/de\/in-clip-n-climb-investieren\/","og_site_name":"Clip &#039;n Climb","article_modified_time":"2020-01-15T10:52:22+00:00","twitter_card":"summary_large_image","schema":{"@context":"https:\/\/schema.org","@graph":[{"@type":"WebPage","@id":"https:\/\/clipnclimb.com\/de\/in-clip-n-climb-investieren\/","url":"https:\/\/clipnclimb.com\/de\/in-clip-n-climb-investieren\/","name":"Investieren Sie in Clip 'n Climb\u00a0\u2013 das innovative Konzept \u201eFun-Klettern\u201c","isPartOf":{"@id":"https:\/\/clipnclimb.com\/de\/#website"},"datePublished":"2019-12-23T08:45:00+00:00","dateModified":"2020-01-15T10:52:22+00:00","description":"Sie suchen nach einer gesunden Investitionsgelegenheit und m\u00f6chten Ihren Kunden ein einzigartiges Erlebnis bieten? Wir suchen nach motivierten Gesch\u00e4ftsleuten, die sich unserer internationalen Marke anschlie\u00dfen m\u00f6chten!","breadcrumb":{"@id":"https:\/\/clipnclimb.com\/de\/in-clip-n-climb-investieren\/#breadcrumb"},"inLanguage":"de","potentialAction":[{"@type":"ReadAction","target":["https:\/\/clipnclimb.com\/de\/in-clip-n-climb-investieren\/"]}]},{"@type":"BreadcrumbList","@id":"https:\/\/clipnclimb.com\/de\/in-clip-n-climb-investieren\/#breadcrumb","itemListElement":[{"@type":"ListItem","position":1,"name":"Home","item":"https:\/\/clipnclimb.com\/de\/"},{"@type":"ListItem","position":2,"name":"In Clip &#8217;n Climb investieren"}]},{"@type":"WebSite","@id":"https:\/\/clipnclimb.com\/de\/#website","url":"https:\/\/clipnclimb.com\/de\/","name":"Clip &#039;n Climb","description":"The leader and creator of the fun climbing industry!","potentialAction":[{"@type":"SearchAction","target":{"@type":"EntryPoint","urlTemplate":"https:\/\/clipnclimb.com\/de\/?s={search_term_string}"},"query-input":{"@type":"PropertyValueSpecification","valueRequired":true,"valueName":"search_term_string"}}],"inLanguage":"de"}]}},"_links":{"self":[{"href":"https:\/\/clipnclimb.com\/de\/wp-json\/wp\/v2\/pages\/16097","targetHints":{"allow":["GET"]}}],"collection":[{"href":"https:\/\/clipnclimb.com\/de\/wp-json\/wp\/v2\/pages"}],"about":[{"href":"https:\/\/clipnclimb.com\/de\/wp-json\/wp\/v2\/types\/page"}],"author":[{"embeddable":true,"href":"https:\/\/clipnclimb.com\/de\/wp-json\/wp\/v2\/users\/13"}],"replies":[{"embeddable":true,"href":"https:\/\/clipnclimb.com\/de\/wp-json\/wp\/v2\/comments?post=16097"}],"version-history":[{"count":0,"href":"https:\/\/clipnclimb.com\/de\/wp-json\/wp\/v2\/pages\/16097\/revisions"}],"wp:attachment":[{"href":"https:\/\/clipnclimb.com\/de\/wp-json\/wp\/v2\/media?parent=16097"}],"curies":[{"name":"wp","href":"https:\/\/api.w.org\/{rel}","templated":true}]}}