{"id":15921,"date":"2019-12-18T09:53:40","date_gmt":"2019-12-18T09:53:40","guid":{"rendered":"https:\/\/clipnclimb.com\/productos-de-fun-spot\/"},"modified":"2024-05-15T10:59:33","modified_gmt":"2024-05-15T08:59:33","slug":"productos-de-fun-spot","status":"publish","type":"page","link":"https:\/\/clipnclimb.com\/es\/nuestros-productos\/productos-de-fun-spot\/","title":{"rendered":"Productos de Fun Spot"},"content":{"rendered":"","protected":false},"excerpt":{"rendered":"","protected":false},"author":13,"featured_media":0,"parent":16131,"menu_order":0,"comment_status":"closed","ping_status":"closed","template":"template-pagebuilder.php","meta":{"_acf_changed":false,"inline_featured_image":false},"class_list":["post-15921","page","type-page","status-publish","hentry"],"acf":[],"yoast_head":"<!-- This site is optimized with the Yoast SEO plugin v24.9 - https:\/\/yoast.com\/wordpress\/plugins\/seo\/ -->\n<title>Parques de camas el\u00e1sticas y Clip \u2018n Climb: \u00a1una gran combinaci\u00f3n!<\/title>\n<meta name=\"description\" content=\"Gracias a nuestra extensa red, podemos ofrecer a nuestros clientes parques de camas el\u00e1sticas, recorridos ninja y mucho m\u00e1s para llenar de diversi\u00f3n su centro multiactividades.\" \/>\n<meta name=\"robots\" content=\"index, follow, max-snippet:-1, max-image-preview:large, max-video-preview:-1\" \/>\n<link rel=\"canonical\" href=\"https:\/\/clipnclimb.com\/es\/nuestros-productos\/productos-de-fun-spot\/\" \/>\n<meta property=\"og:locale\" content=\"es_ES\" \/>\n<meta property=\"og:type\" content=\"article\" \/>\n<meta property=\"og:title\" content=\"Parques de camas el\u00e1sticas y Clip \u2018n Climb: \u00a1una gran combinaci\u00f3n!\" \/>\n<meta property=\"og:description\" content=\"Gracias a nuestra extensa red, podemos ofrecer a nuestros clientes parques de camas el\u00e1sticas, recorridos ninja y mucho m\u00e1s para llenar de diversi\u00f3n su centro multiactividades.\" \/>\n<meta property=\"og:url\" content=\"https:\/\/clipnclimb.com\/es\/nuestros-productos\/productos-de-fun-spot\/\" \/>\n<meta property=\"og:site_name\" content=\"Clip &#039;n Climb\" \/>\n<meta property=\"article:modified_time\" content=\"2024-05-15T08:59:33+00:00\" \/>\n<meta name=\"twitter:card\" content=\"summary_large_image\" \/>\n<script type=\"application\/ld+json\" class=\"yoast-schema-graph\">{\"@context\":\"https:\/\/schema.org\",\"@graph\":[{\"@type\":\"WebPage\",\"@id\":\"https:\/\/clipnclimb.com\/es\/nuestros-productos\/productos-de-fun-spot\/\",\"url\":\"https:\/\/clipnclimb.com\/es\/nuestros-productos\/productos-de-fun-spot\/\",\"name\":\"Parques de camas el\u00e1sticas y Clip \u2018n Climb: \u00a1una gran combinaci\u00f3n!\",\"isPartOf\":{\"@id\":\"https:\/\/clipnclimb.com\/es\/#website\"},\"datePublished\":\"2019-12-18T09:53:40+00:00\",\"dateModified\":\"2024-05-15T08:59:33+00:00\",\"description\":\"Gracias a nuestra extensa red, podemos ofrecer a nuestros clientes parques de camas el\u00e1sticas, recorridos ninja y mucho m\u00e1s para llenar de diversi\u00f3n su centro multiactividades.\",\"breadcrumb\":{\"@id\":\"https:\/\/clipnclimb.com\/es\/nuestros-productos\/productos-de-fun-spot\/#breadcrumb\"},\"inLanguage\":\"es\",\"potentialAction\":[{\"@type\":\"ReadAction\",\"target\":[\"https:\/\/clipnclimb.com\/es\/nuestros-productos\/productos-de-fun-spot\/\"]}]},{\"@type\":\"BreadcrumbList\",\"@id\":\"https:\/\/clipnclimb.com\/es\/nuestros-productos\/productos-de-fun-spot\/#breadcrumb\",\"itemListElement\":[{\"@type\":\"ListItem\",\"position\":1,\"name\":\"Home\",\"item\":\"https:\/\/clipnclimb.com\/es\/\"},{\"@type\":\"ListItem\",\"position\":2,\"name\":\"Nuestros productos\",\"item\":\"https:\/\/clipnclimb.com\/es\/nuestros-productos\/\"},{\"@type\":\"ListItem\",\"position\":3,\"name\":\"Productos de Fun Spot\"}]},{\"@type\":\"WebSite\",\"@id\":\"https:\/\/clipnclimb.com\/es\/#website\",\"url\":\"https:\/\/clipnclimb.com\/es\/\",\"name\":\"Clip &#039;n Climb\",\"description\":\"The leader and creator of the fun climbing industry!\",\"potentialAction\":[{\"@type\":\"SearchAction\",\"target\":{\"@type\":\"EntryPoint\",\"urlTemplate\":\"https:\/\/clipnclimb.com\/es\/?s={search_term_string}\"},\"query-input\":{\"@type\":\"PropertyValueSpecification\",\"valueRequired\":true,\"valueName\":\"search_term_string\"}}],\"inLanguage\":\"es\"}]}<\/script>\n<!-- \/ Yoast SEO plugin. -->","yoast_head_json":{"title":"Parques de camas el\u00e1sticas y Clip \u2018n Climb: \u00a1una gran combinaci\u00f3n!","description":"Gracias a nuestra extensa red, podemos ofrecer a nuestros clientes parques de camas el\u00e1sticas, recorridos ninja y mucho m\u00e1s para llenar de diversi\u00f3n su centro multiactividades.","robots":{"index":"index","follow":"follow","max-snippet":"max-snippet:-1","max-image-preview":"max-image-preview:large","max-video-preview":"max-video-preview:-1"},"canonical":"https:\/\/clipnclimb.com\/es\/nuestros-productos\/productos-de-fun-spot\/","og_locale":"es_ES","og_type":"article","og_title":"Parques de camas el\u00e1sticas y Clip \u2018n Climb: \u00a1una gran combinaci\u00f3n!","og_description":"Gracias a nuestra extensa red, podemos ofrecer a nuestros clientes parques de camas el\u00e1sticas, recorridos ninja y mucho m\u00e1s para llenar de diversi\u00f3n su centro multiactividades.","og_url":"https:\/\/clipnclimb.com\/es\/nuestros-productos\/productos-de-fun-spot\/","og_site_name":"Clip &#039;n Climb","article_modified_time":"2024-05-15T08:59:33+00:00","twitter_card":"summary_large_image","schema":{"@context":"https:\/\/schema.org","@graph":[{"@type":"WebPage","@id":"https:\/\/clipnclimb.com\/es\/nuestros-productos\/productos-de-fun-spot\/","url":"https:\/\/clipnclimb.com\/es\/nuestros-productos\/productos-de-fun-spot\/","name":"Parques de camas el\u00e1sticas y Clip \u2018n Climb: \u00a1una gran combinaci\u00f3n!","isPartOf":{"@id":"https:\/\/clipnclimb.com\/es\/#website"},"datePublished":"2019-12-18T09:53:40+00:00","dateModified":"2024-05-15T08:59:33+00:00","description":"Gracias a nuestra extensa red, podemos ofrecer a nuestros clientes parques de camas el\u00e1sticas, recorridos ninja y mucho m\u00e1s para llenar de diversi\u00f3n su centro multiactividades.","breadcrumb":{"@id":"https:\/\/clipnclimb.com\/es\/nuestros-productos\/productos-de-fun-spot\/#breadcrumb"},"inLanguage":"es","potentialAction":[{"@type":"ReadAction","target":["https:\/\/clipnclimb.com\/es\/nuestros-productos\/productos-de-fun-spot\/"]}]},{"@type":"BreadcrumbList","@id":"https:\/\/clipnclimb.com\/es\/nuestros-productos\/productos-de-fun-spot\/#breadcrumb","itemListElement":[{"@type":"ListItem","position":1,"name":"Home","item":"https:\/\/clipnclimb.com\/es\/"},{"@type":"ListItem","position":2,"name":"Nuestros productos","item":"https:\/\/clipnclimb.com\/es\/nuestros-productos\/"},{"@type":"ListItem","position":3,"name":"Productos de Fun Spot"}]},{"@type":"WebSite","@id":"https:\/\/clipnclimb.com\/es\/#website","url":"https:\/\/clipnclimb.com\/es\/","name":"Clip &#039;n Climb","description":"The leader and creator of the fun climbing industry!","potentialAction":[{"@type":"SearchAction","target":{"@type":"EntryPoint","urlTemplate":"https:\/\/clipnclimb.com\/es\/?s={search_term_string}"},"query-input":{"@type":"PropertyValueSpecification","valueRequired":true,"valueName":"search_term_string"}}],"inLanguage":"es"}]}},"_links":{"self":[{"href":"https:\/\/clipnclimb.com\/es\/wp-json\/wp\/v2\/pages\/15921","targetHints":{"allow":["GET"]}}],"collection":[{"href":"https:\/\/clipnclimb.com\/es\/wp-json\/wp\/v2\/pages"}],"about":[{"href":"https:\/\/clipnclimb.com\/es\/wp-json\/wp\/v2\/types\/page"}],"author":[{"embeddable":true,"href":"https:\/\/clipnclimb.com\/es\/wp-json\/wp\/v2\/users\/13"}],"replies":[{"embeddable":true,"href":"https:\/\/clipnclimb.com\/es\/wp-json\/wp\/v2\/comments?post=15921"}],"version-history":[{"count":1,"href":"https:\/\/clipnclimb.com\/es\/wp-json\/wp\/v2\/pages\/15921\/revisions"}],"predecessor-version":[{"id":25544,"href":"https:\/\/clipnclimb.com\/es\/wp-json\/wp\/v2\/pages\/15921\/revisions\/25544"}],"up":[{"embeddable":true,"href":"https:\/\/clipnclimb.com\/es\/wp-json\/wp\/v2\/pages\/16131"}],"wp:attachment":[{"href":"https:\/\/clipnclimb.com\/es\/wp-json\/wp\/v2\/media?parent=15921"}],"curies":[{"name":"wp","href":"https:\/\/api.w.org\/{rel}","templated":true}]}}