{"id":16100,"date":"2019-12-23T08:45:45","date_gmt":"2019-12-23T08:45:45","guid":{"rendered":"https:\/\/clipnclimb.com\/valo-motion\/"},"modified":"2020-01-15T10:33:47","modified_gmt":"2020-01-15T10:33:47","slug":"valo-motion","status":"publish","type":"page","link":"https:\/\/clipnclimb.com\/es\/nuestros-productos\/valo-motion\/","title":{"rendered":"Valo Motion"},"content":{"rendered":"","protected":false},"excerpt":{"rendered":"","protected":false},"author":13,"featured_media":0,"parent":16131,"menu_order":0,"comment_status":"closed","ping_status":"closed","template":"template-single_product.php","meta":{"_acf_changed":false,"inline_featured_image":false},"class_list":["post-16100","page","type-page","status-publish","hentry"],"acf":[],"yoast_head":"<!-- This site is optimized with the Yoast SEO plugin v24.9 - https:\/\/yoast.com\/wordpress\/plugins\/seo\/ -->\n<title>Valo Motion: \u00a1ideas innovadoras para hacer ejercicio y divertirse!<\/title>\n<meta name=\"description\" content=\"\u00bfBusca algo que a\u00f1ada m\u00e1s diversi\u00f3n a su centro Clip \u2018n Climb? A\u00f1ada un roc\u00f3dromo interactivo con ValoClimb o ValoJump para llevar su parque de camas el\u00e1sticas a otro nivel.\" \/>\n<meta name=\"robots\" content=\"index, follow, max-snippet:-1, max-image-preview:large, max-video-preview:-1\" \/>\n<link rel=\"canonical\" href=\"https:\/\/clipnclimb.com\/es\/nuestros-productos\/valo-motion\/\" \/>\n<meta property=\"og:locale\" content=\"es_ES\" \/>\n<meta property=\"og:type\" content=\"article\" \/>\n<meta property=\"og:title\" content=\"Valo Motion: \u00a1ideas innovadoras para hacer ejercicio y divertirse!\" \/>\n<meta property=\"og:description\" content=\"\u00bfBusca algo que a\u00f1ada m\u00e1s diversi\u00f3n a su centro Clip \u2018n Climb? A\u00f1ada un roc\u00f3dromo interactivo con ValoClimb o ValoJump para llevar su parque de camas el\u00e1sticas a otro nivel.\" \/>\n<meta property=\"og:url\" content=\"https:\/\/clipnclimb.com\/es\/nuestros-productos\/valo-motion\/\" \/>\n<meta property=\"og:site_name\" content=\"Clip &#039;n Climb\" \/>\n<meta property=\"article:modified_time\" content=\"2020-01-15T10:33:47+00:00\" \/>\n<meta name=\"twitter:card\" content=\"summary_large_image\" \/>\n<script type=\"application\/ld+json\" class=\"yoast-schema-graph\">{\"@context\":\"https:\/\/schema.org\",\"@graph\":[{\"@type\":\"WebPage\",\"@id\":\"https:\/\/clipnclimb.com\/es\/nuestros-productos\/valo-motion\/\",\"url\":\"https:\/\/clipnclimb.com\/es\/nuestros-productos\/valo-motion\/\",\"name\":\"Valo Motion: \u00a1ideas innovadoras para hacer ejercicio y divertirse!\",\"isPartOf\":{\"@id\":\"https:\/\/clipnclimb.com\/es\/#website\"},\"datePublished\":\"2019-12-23T08:45:45+00:00\",\"dateModified\":\"2020-01-15T10:33:47+00:00\",\"description\":\"\u00bfBusca algo que a\u00f1ada m\u00e1s diversi\u00f3n a su centro Clip \u2018n Climb? A\u00f1ada un roc\u00f3dromo interactivo con ValoClimb o ValoJump para llevar su parque de camas el\u00e1sticas a otro nivel.\",\"breadcrumb\":{\"@id\":\"https:\/\/clipnclimb.com\/es\/nuestros-productos\/valo-motion\/#breadcrumb\"},\"inLanguage\":\"es\",\"potentialAction\":[{\"@type\":\"ReadAction\",\"target\":[\"https:\/\/clipnclimb.com\/es\/nuestros-productos\/valo-motion\/\"]}]},{\"@type\":\"BreadcrumbList\",\"@id\":\"https:\/\/clipnclimb.com\/es\/nuestros-productos\/valo-motion\/#breadcrumb\",\"itemListElement\":[{\"@type\":\"ListItem\",\"position\":1,\"name\":\"Home\",\"item\":\"https:\/\/35.179.61.138\/es\/\"},{\"@type\":\"ListItem\",\"position\":2,\"name\":\"Nuestros productos\",\"item\":\"https:\/\/clipnclimb.com\/es\/nuestros-productos\/\"},{\"@type\":\"ListItem\",\"position\":3,\"name\":\"Valo Motion\"}]},{\"@type\":\"WebSite\",\"@id\":\"https:\/\/clipnclimb.com\/es\/#website\",\"url\":\"https:\/\/clipnclimb.com\/es\/\",\"name\":\"Clip &#039;n Climb\",\"description\":\"The leader and creator of the fun climbing industry!\",\"potentialAction\":[{\"@type\":\"SearchAction\",\"target\":{\"@type\":\"EntryPoint\",\"urlTemplate\":\"https:\/\/clipnclimb.com\/es\/?s={search_term_string}\"},\"query-input\":{\"@type\":\"PropertyValueSpecification\",\"valueRequired\":true,\"valueName\":\"search_term_string\"}}],\"inLanguage\":\"es\"}]}<\/script>\n<!-- \/ Yoast SEO plugin. -->","yoast_head_json":{"title":"Valo Motion: \u00a1ideas innovadoras para hacer ejercicio y divertirse!","description":"\u00bfBusca algo que a\u00f1ada m\u00e1s diversi\u00f3n a su centro Clip \u2018n Climb? A\u00f1ada un roc\u00f3dromo interactivo con ValoClimb o ValoJump para llevar su parque de camas el\u00e1sticas a otro nivel.","robots":{"index":"index","follow":"follow","max-snippet":"max-snippet:-1","max-image-preview":"max-image-preview:large","max-video-preview":"max-video-preview:-1"},"canonical":"https:\/\/clipnclimb.com\/es\/nuestros-productos\/valo-motion\/","og_locale":"es_ES","og_type":"article","og_title":"Valo Motion: \u00a1ideas innovadoras para hacer ejercicio y divertirse!","og_description":"\u00bfBusca algo que a\u00f1ada m\u00e1s diversi\u00f3n a su centro Clip \u2018n Climb? A\u00f1ada un roc\u00f3dromo interactivo con ValoClimb o ValoJump para llevar su parque de camas el\u00e1sticas a otro nivel.","og_url":"https:\/\/clipnclimb.com\/es\/nuestros-productos\/valo-motion\/","og_site_name":"Clip &#039;n Climb","article_modified_time":"2020-01-15T10:33:47+00:00","twitter_card":"summary_large_image","schema":{"@context":"https:\/\/schema.org","@graph":[{"@type":"WebPage","@id":"https:\/\/clipnclimb.com\/es\/nuestros-productos\/valo-motion\/","url":"https:\/\/clipnclimb.com\/es\/nuestros-productos\/valo-motion\/","name":"Valo Motion: \u00a1ideas innovadoras para hacer ejercicio y divertirse!","isPartOf":{"@id":"https:\/\/clipnclimb.com\/es\/#website"},"datePublished":"2019-12-23T08:45:45+00:00","dateModified":"2020-01-15T10:33:47+00:00","description":"\u00bfBusca algo que a\u00f1ada m\u00e1s diversi\u00f3n a su centro Clip \u2018n Climb? A\u00f1ada un roc\u00f3dromo interactivo con ValoClimb o ValoJump para llevar su parque de camas el\u00e1sticas a otro nivel.","breadcrumb":{"@id":"https:\/\/clipnclimb.com\/es\/nuestros-productos\/valo-motion\/#breadcrumb"},"inLanguage":"es","potentialAction":[{"@type":"ReadAction","target":["https:\/\/clipnclimb.com\/es\/nuestros-productos\/valo-motion\/"]}]},{"@type":"BreadcrumbList","@id":"https:\/\/clipnclimb.com\/es\/nuestros-productos\/valo-motion\/#breadcrumb","itemListElement":[{"@type":"ListItem","position":1,"name":"Home","item":"https:\/\/35.179.61.138\/es\/"},{"@type":"ListItem","position":2,"name":"Nuestros productos","item":"https:\/\/clipnclimb.com\/es\/nuestros-productos\/"},{"@type":"ListItem","position":3,"name":"Valo Motion"}]},{"@type":"WebSite","@id":"https:\/\/clipnclimb.com\/es\/#website","url":"https:\/\/clipnclimb.com\/es\/","name":"Clip &#039;n Climb","description":"The leader and creator of the fun climbing industry!","potentialAction":[{"@type":"SearchAction","target":{"@type":"EntryPoint","urlTemplate":"https:\/\/clipnclimb.com\/es\/?s={search_term_string}"},"query-input":{"@type":"PropertyValueSpecification","valueRequired":true,"valueName":"search_term_string"}}],"inLanguage":"es"}]}},"_links":{"self":[{"href":"https:\/\/clipnclimb.com\/es\/wp-json\/wp\/v2\/pages\/16100","targetHints":{"allow":["GET"]}}],"collection":[{"href":"https:\/\/clipnclimb.com\/es\/wp-json\/wp\/v2\/pages"}],"about":[{"href":"https:\/\/clipnclimb.com\/es\/wp-json\/wp\/v2\/types\/page"}],"author":[{"embeddable":true,"href":"https:\/\/clipnclimb.com\/es\/wp-json\/wp\/v2\/users\/13"}],"replies":[{"embeddable":true,"href":"https:\/\/clipnclimb.com\/es\/wp-json\/wp\/v2\/comments?post=16100"}],"version-history":[{"count":0,"href":"https:\/\/clipnclimb.com\/es\/wp-json\/wp\/v2\/pages\/16100\/revisions"}],"up":[{"embeddable":true,"href":"https:\/\/clipnclimb.com\/es\/wp-json\/wp\/v2\/pages\/16131"}],"wp:attachment":[{"href":"https:\/\/clipnclimb.com\/es\/wp-json\/wp\/v2\/media?parent=16100"}],"curies":[{"name":"wp","href":"https:\/\/api.w.org\/{rel}","templated":true}]}}