{"id":16102,"date":"2019-12-23T09:35:42","date_gmt":"2019-12-23T09:35:42","guid":{"rendered":"https:\/\/clipnclimb.com\/politica-de-privacidad-declaracion-sobre-el-uso-de-cookies-y-reglamento-general-de-proteccion-de-datos-rgpd\/"},"modified":"2020-01-15T10:49:51","modified_gmt":"2020-01-15T10:49:51","slug":"politica-de-privacidad-declaracion-sobre-el-uso-de-cookies-y-reglamento-general-de-proteccion-de-datos-rgpd","status":"publish","type":"page","link":"https:\/\/clipnclimb.com\/es\/politica-de-privacidad-declaracion-sobre-el-uso-de-cookies-y-reglamento-general-de-proteccion-de-datos-rgpd\/","title":{"rendered":"POL\u00cdTICA DE PRIVACIDAD, DECLARACI\u00d3N SOBRE EL USO DE COOKIES Y REGLAMENTO GENERAL DE PROTECCI\u00d3N DE DATOS (RGPD)"},"content":{"rendered":"","protected":false},"excerpt":{"rendered":"","protected":false},"author":2,"featured_media":0,"parent":0,"menu_order":0,"comment_status":"closed","ping_status":"closed","template":"template-pagebuilder.php","meta":{"_acf_changed":false,"inline_featured_image":false},"class_list":["post-16102","page","type-page","status-publish","hentry"],"acf":[],"yoast_head":"<!-- This site is optimized with the Yoast SEO plugin v24.9 - https:\/\/yoast.com\/wordpress\/plugins\/seo\/ -->\n<title>POL\u00cdTICA DE PRIVACIDAD, DECLARACI\u00d3N SOBRE EL USO DE COOKIES Y REGLAMENTO GENERAL DE PROTECCI\u00d3N DE DATOS (RGPD) - Clip &#039;n Climb<\/title>\n<meta name=\"robots\" content=\"index, follow, max-snippet:-1, max-image-preview:large, max-video-preview:-1\" \/>\n<link rel=\"canonical\" href=\"https:\/\/clipnclimb.com\/es\/politica-de-privacidad-declaracion-sobre-el-uso-de-cookies-y-reglamento-general-de-proteccion-de-datos-rgpd\/\" \/>\n<meta property=\"og:locale\" content=\"es_ES\" \/>\n<meta property=\"og:type\" content=\"article\" \/>\n<meta property=\"og:title\" content=\"POL\u00cdTICA DE PRIVACIDAD, DECLARACI\u00d3N SOBRE EL USO DE COOKIES Y REGLAMENTO GENERAL DE PROTECCI\u00d3N DE DATOS (RGPD) - Clip &#039;n Climb\" \/>\n<meta property=\"og:url\" content=\"https:\/\/clipnclimb.com\/es\/politica-de-privacidad-declaracion-sobre-el-uso-de-cookies-y-reglamento-general-de-proteccion-de-datos-rgpd\/\" \/>\n<meta property=\"og:site_name\" content=\"Clip &#039;n Climb\" \/>\n<meta property=\"article:modified_time\" content=\"2020-01-15T10:49:51+00:00\" \/>\n<meta name=\"twitter:card\" content=\"summary_large_image\" \/>\n<script type=\"application\/ld+json\" class=\"yoast-schema-graph\">{\"@context\":\"https:\/\/schema.org\",\"@graph\":[{\"@type\":\"WebPage\",\"@id\":\"https:\/\/clipnclimb.com\/es\/politica-de-privacidad-declaracion-sobre-el-uso-de-cookies-y-reglamento-general-de-proteccion-de-datos-rgpd\/\",\"url\":\"https:\/\/clipnclimb.com\/es\/politica-de-privacidad-declaracion-sobre-el-uso-de-cookies-y-reglamento-general-de-proteccion-de-datos-rgpd\/\",\"name\":\"POL\u00cdTICA DE PRIVACIDAD, DECLARACI\u00d3N SOBRE EL USO DE COOKIES Y REGLAMENTO GENERAL DE PROTECCI\u00d3N DE DATOS (RGPD) - Clip &#039;n Climb\",\"isPartOf\":{\"@id\":\"https:\/\/clipnclimb.com\/es\/#website\"},\"datePublished\":\"2019-12-23T09:35:42+00:00\",\"dateModified\":\"2020-01-15T10:49:51+00:00\",\"breadcrumb\":{\"@id\":\"https:\/\/clipnclimb.com\/es\/politica-de-privacidad-declaracion-sobre-el-uso-de-cookies-y-reglamento-general-de-proteccion-de-datos-rgpd\/#breadcrumb\"},\"inLanguage\":\"es\",\"potentialAction\":[{\"@type\":\"ReadAction\",\"target\":[\"https:\/\/clipnclimb.com\/es\/politica-de-privacidad-declaracion-sobre-el-uso-de-cookies-y-reglamento-general-de-proteccion-de-datos-rgpd\/\"]}]},{\"@type\":\"BreadcrumbList\",\"@id\":\"https:\/\/clipnclimb.com\/es\/politica-de-privacidad-declaracion-sobre-el-uso-de-cookies-y-reglamento-general-de-proteccion-de-datos-rgpd\/#breadcrumb\",\"itemListElement\":[{\"@type\":\"ListItem\",\"position\":1,\"name\":\"Home\",\"item\":\"https:\/\/clipnclimb.com\/es\/\"},{\"@type\":\"ListItem\",\"position\":2,\"name\":\"POL\u00cdTICA DE PRIVACIDAD, DECLARACI\u00d3N SOBRE EL USO DE COOKIES Y REGLAMENTO GENERAL DE PROTECCI\u00d3N DE DATOS (RGPD)\"}]},{\"@type\":\"WebSite\",\"@id\":\"https:\/\/clipnclimb.com\/es\/#website\",\"url\":\"https:\/\/clipnclimb.com\/es\/\",\"name\":\"Clip &#039;n Climb\",\"description\":\"The leader and creator of the fun climbing industry!\",\"potentialAction\":[{\"@type\":\"SearchAction\",\"target\":{\"@type\":\"EntryPoint\",\"urlTemplate\":\"https:\/\/clipnclimb.com\/es\/?s={search_term_string}\"},\"query-input\":{\"@type\":\"PropertyValueSpecification\",\"valueRequired\":true,\"valueName\":\"search_term_string\"}}],\"inLanguage\":\"es\"}]}<\/script>\n<!-- \/ Yoast SEO plugin. -->","yoast_head_json":{"title":"POL\u00cdTICA DE PRIVACIDAD, DECLARACI\u00d3N SOBRE EL USO DE COOKIES Y REGLAMENTO GENERAL DE PROTECCI\u00d3N DE DATOS (RGPD) - Clip &#039;n Climb","robots":{"index":"index","follow":"follow","max-snippet":"max-snippet:-1","max-image-preview":"max-image-preview:large","max-video-preview":"max-video-preview:-1"},"canonical":"https:\/\/clipnclimb.com\/es\/politica-de-privacidad-declaracion-sobre-el-uso-de-cookies-y-reglamento-general-de-proteccion-de-datos-rgpd\/","og_locale":"es_ES","og_type":"article","og_title":"POL\u00cdTICA DE PRIVACIDAD, DECLARACI\u00d3N SOBRE EL USO DE COOKIES Y REGLAMENTO GENERAL DE PROTECCI\u00d3N DE DATOS (RGPD) - Clip &#039;n Climb","og_url":"https:\/\/clipnclimb.com\/es\/politica-de-privacidad-declaracion-sobre-el-uso-de-cookies-y-reglamento-general-de-proteccion-de-datos-rgpd\/","og_site_name":"Clip &#039;n Climb","article_modified_time":"2020-01-15T10:49:51+00:00","twitter_card":"summary_large_image","schema":{"@context":"https:\/\/schema.org","@graph":[{"@type":"WebPage","@id":"https:\/\/clipnclimb.com\/es\/politica-de-privacidad-declaracion-sobre-el-uso-de-cookies-y-reglamento-general-de-proteccion-de-datos-rgpd\/","url":"https:\/\/clipnclimb.com\/es\/politica-de-privacidad-declaracion-sobre-el-uso-de-cookies-y-reglamento-general-de-proteccion-de-datos-rgpd\/","name":"POL\u00cdTICA DE PRIVACIDAD, DECLARACI\u00d3N SOBRE EL USO DE COOKIES Y REGLAMENTO GENERAL DE PROTECCI\u00d3N DE DATOS (RGPD) - Clip &#039;n Climb","isPartOf":{"@id":"https:\/\/clipnclimb.com\/es\/#website"},"datePublished":"2019-12-23T09:35:42+00:00","dateModified":"2020-01-15T10:49:51+00:00","breadcrumb":{"@id":"https:\/\/clipnclimb.com\/es\/politica-de-privacidad-declaracion-sobre-el-uso-de-cookies-y-reglamento-general-de-proteccion-de-datos-rgpd\/#breadcrumb"},"inLanguage":"es","potentialAction":[{"@type":"ReadAction","target":["https:\/\/clipnclimb.com\/es\/politica-de-privacidad-declaracion-sobre-el-uso-de-cookies-y-reglamento-general-de-proteccion-de-datos-rgpd\/"]}]},{"@type":"BreadcrumbList","@id":"https:\/\/clipnclimb.com\/es\/politica-de-privacidad-declaracion-sobre-el-uso-de-cookies-y-reglamento-general-de-proteccion-de-datos-rgpd\/#breadcrumb","itemListElement":[{"@type":"ListItem","position":1,"name":"Home","item":"https:\/\/clipnclimb.com\/es\/"},{"@type":"ListItem","position":2,"name":"POL\u00cdTICA DE PRIVACIDAD, DECLARACI\u00d3N SOBRE EL USO DE COOKIES Y REGLAMENTO GENERAL DE PROTECCI\u00d3N DE DATOS (RGPD)"}]},{"@type":"WebSite","@id":"https:\/\/clipnclimb.com\/es\/#website","url":"https:\/\/clipnclimb.com\/es\/","name":"Clip &#039;n Climb","description":"The leader and creator of the fun climbing industry!","potentialAction":[{"@type":"SearchAction","target":{"@type":"EntryPoint","urlTemplate":"https:\/\/clipnclimb.com\/es\/?s={search_term_string}"},"query-input":{"@type":"PropertyValueSpecification","valueRequired":true,"valueName":"search_term_string"}}],"inLanguage":"es"}]}},"_links":{"self":[{"href":"https:\/\/clipnclimb.com\/es\/wp-json\/wp\/v2\/pages\/16102","targetHints":{"allow":["GET"]}}],"collection":[{"href":"https:\/\/clipnclimb.com\/es\/wp-json\/wp\/v2\/pages"}],"about":[{"href":"https:\/\/clipnclimb.com\/es\/wp-json\/wp\/v2\/types\/page"}],"author":[{"embeddable":true,"href":"https:\/\/clipnclimb.com\/es\/wp-json\/wp\/v2\/users\/2"}],"replies":[{"embeddable":true,"href":"https:\/\/clipnclimb.com\/es\/wp-json\/wp\/v2\/comments?post=16102"}],"version-history":[{"count":0,"href":"https:\/\/clipnclimb.com\/es\/wp-json\/wp\/v2\/pages\/16102\/revisions"}],"wp:attachment":[{"href":"https:\/\/clipnclimb.com\/es\/wp-json\/wp\/v2\/media?parent=16102"}],"curies":[{"name":"wp","href":"https:\/\/api.w.org\/{rel}","templated":true}]}}