{"id":15720,"date":"2019-12-17T08:02:07","date_gmt":"2019-12-17T08:02:07","guid":{"rendered":"https:\/\/clipnclimb.com\/politique-de-confidentialite-declaration-relative-aux-cookies-et-reglement-general-sur-la-protection-des-donnees-rgpd\/"},"modified":"2020-01-06T15:07:53","modified_gmt":"2020-01-06T15:07:53","slug":"politique-de-confidentialite-declaration-relative-aux-cookies-et-reglement-general-sur-la-protection-des-donnees-rgpd","status":"publish","type":"page","link":"https:\/\/clipnclimb.com\/fr\/politique-de-confidentialite-declaration-relative-aux-cookies-et-reglement-general-sur-la-protection-des-donnees-rgpd\/","title":{"rendered":"POLITIQUE DE CONFIDENTIALIT\u00c9, D\u00c9CLARATION RELATIVE AUX COOKIES ET R\u00c8GLEMENT G\u00c9N\u00c9RAL SUR LA PROTECTION DES DONN\u00c9ES (RGPD)"},"content":{"rendered":"","protected":false},"excerpt":{"rendered":"","protected":false},"author":2,"featured_media":0,"parent":0,"menu_order":0,"comment_status":"closed","ping_status":"closed","template":"template-pagebuilder.php","meta":{"_acf_changed":false,"inline_featured_image":false},"class_list":["post-15720","page","type-page","status-publish","hentry"],"acf":[],"yoast_head":"<!-- This site is optimized with the Yoast SEO plugin v24.9 - https:\/\/yoast.com\/wordpress\/plugins\/seo\/ -->\n<title>POLITIQUE DE CONFIDENTIALIT\u00c9, D\u00c9CLARATION RELATIVE AUX COOKIES ET R\u00c8GLEMENT G\u00c9N\u00c9RAL SUR LA PROTECTION DES DONN\u00c9ES (RGPD) - Clip &#039;n Climb<\/title>\n<meta name=\"robots\" content=\"index, follow, max-snippet:-1, max-image-preview:large, max-video-preview:-1\" \/>\n<link rel=\"canonical\" href=\"https:\/\/clipnclimb.com\/fr\/politique-de-confidentialite-declaration-relative-aux-cookies-et-reglement-general-sur-la-protection-des-donnees-rgpd\/\" \/>\n<meta property=\"og:locale\" content=\"fr_FR\" \/>\n<meta property=\"og:type\" content=\"article\" \/>\n<meta property=\"og:title\" content=\"POLITIQUE DE CONFIDENTIALIT\u00c9, D\u00c9CLARATION RELATIVE AUX COOKIES ET R\u00c8GLEMENT G\u00c9N\u00c9RAL SUR LA PROTECTION DES DONN\u00c9ES (RGPD) - Clip &#039;n Climb\" \/>\n<meta property=\"og:url\" content=\"https:\/\/clipnclimb.com\/fr\/politique-de-confidentialite-declaration-relative-aux-cookies-et-reglement-general-sur-la-protection-des-donnees-rgpd\/\" \/>\n<meta property=\"og:site_name\" content=\"Clip &#039;n Climb\" \/>\n<meta property=\"article:modified_time\" content=\"2020-01-06T15:07:53+00:00\" \/>\n<meta name=\"twitter:card\" content=\"summary_large_image\" \/>\n<script type=\"application\/ld+json\" class=\"yoast-schema-graph\">{\"@context\":\"https:\/\/schema.org\",\"@graph\":[{\"@type\":\"WebPage\",\"@id\":\"https:\/\/clipnclimb.com\/fr\/politique-de-confidentialite-declaration-relative-aux-cookies-et-reglement-general-sur-la-protection-des-donnees-rgpd\/\",\"url\":\"https:\/\/clipnclimb.com\/fr\/politique-de-confidentialite-declaration-relative-aux-cookies-et-reglement-general-sur-la-protection-des-donnees-rgpd\/\",\"name\":\"POLITIQUE DE CONFIDENTIALIT\u00c9, D\u00c9CLARATION RELATIVE AUX COOKIES ET R\u00c8GLEMENT G\u00c9N\u00c9RAL SUR LA PROTECTION DES DONN\u00c9ES (RGPD) - Clip &#039;n Climb\",\"isPartOf\":{\"@id\":\"https:\/\/clipnclimb.com\/fr\/#website\"},\"datePublished\":\"2019-12-17T08:02:07+00:00\",\"dateModified\":\"2020-01-06T15:07:53+00:00\",\"breadcrumb\":{\"@id\":\"https:\/\/clipnclimb.com\/fr\/politique-de-confidentialite-declaration-relative-aux-cookies-et-reglement-general-sur-la-protection-des-donnees-rgpd\/#breadcrumb\"},\"inLanguage\":\"fr-FR\",\"potentialAction\":[{\"@type\":\"ReadAction\",\"target\":[\"https:\/\/clipnclimb.com\/fr\/politique-de-confidentialite-declaration-relative-aux-cookies-et-reglement-general-sur-la-protection-des-donnees-rgpd\/\"]}]},{\"@type\":\"BreadcrumbList\",\"@id\":\"https:\/\/clipnclimb.com\/fr\/politique-de-confidentialite-declaration-relative-aux-cookies-et-reglement-general-sur-la-protection-des-donnees-rgpd\/#breadcrumb\",\"itemListElement\":[{\"@type\":\"ListItem\",\"position\":1,\"name\":\"Home\",\"item\":\"https:\/\/35.179.61.138\/fr\/\"},{\"@type\":\"ListItem\",\"position\":2,\"name\":\"POLITIQUE DE CONFIDENTIALIT\u00c9, D\u00c9CLARATION RELATIVE AUX COOKIES ET R\u00c8GLEMENT G\u00c9N\u00c9RAL SUR LA PROTECTION DES DONN\u00c9ES (RGPD)\"}]},{\"@type\":\"WebSite\",\"@id\":\"https:\/\/clipnclimb.com\/fr\/#website\",\"url\":\"https:\/\/clipnclimb.com\/fr\/\",\"name\":\"Clip &#039;n Climb\",\"description\":\"The leader and creator of the fun climbing industry!\",\"potentialAction\":[{\"@type\":\"SearchAction\",\"target\":{\"@type\":\"EntryPoint\",\"urlTemplate\":\"https:\/\/clipnclimb.com\/fr\/?s={search_term_string}\"},\"query-input\":{\"@type\":\"PropertyValueSpecification\",\"valueRequired\":true,\"valueName\":\"search_term_string\"}}],\"inLanguage\":\"fr-FR\"}]}<\/script>\n<!-- \/ Yoast SEO plugin. -->","yoast_head_json":{"title":"POLITIQUE DE CONFIDENTIALIT\u00c9, D\u00c9CLARATION RELATIVE AUX COOKIES ET R\u00c8GLEMENT G\u00c9N\u00c9RAL SUR LA PROTECTION DES DONN\u00c9ES (RGPD) - Clip &#039;n Climb","robots":{"index":"index","follow":"follow","max-snippet":"max-snippet:-1","max-image-preview":"max-image-preview:large","max-video-preview":"max-video-preview:-1"},"canonical":"https:\/\/clipnclimb.com\/fr\/politique-de-confidentialite-declaration-relative-aux-cookies-et-reglement-general-sur-la-protection-des-donnees-rgpd\/","og_locale":"fr_FR","og_type":"article","og_title":"POLITIQUE DE CONFIDENTIALIT\u00c9, D\u00c9CLARATION RELATIVE AUX COOKIES ET R\u00c8GLEMENT G\u00c9N\u00c9RAL SUR LA PROTECTION DES DONN\u00c9ES (RGPD) - Clip &#039;n Climb","og_url":"https:\/\/clipnclimb.com\/fr\/politique-de-confidentialite-declaration-relative-aux-cookies-et-reglement-general-sur-la-protection-des-donnees-rgpd\/","og_site_name":"Clip &#039;n Climb","article_modified_time":"2020-01-06T15:07:53+00:00","twitter_card":"summary_large_image","schema":{"@context":"https:\/\/schema.org","@graph":[{"@type":"WebPage","@id":"https:\/\/clipnclimb.com\/fr\/politique-de-confidentialite-declaration-relative-aux-cookies-et-reglement-general-sur-la-protection-des-donnees-rgpd\/","url":"https:\/\/clipnclimb.com\/fr\/politique-de-confidentialite-declaration-relative-aux-cookies-et-reglement-general-sur-la-protection-des-donnees-rgpd\/","name":"POLITIQUE DE CONFIDENTIALIT\u00c9, D\u00c9CLARATION RELATIVE AUX COOKIES ET R\u00c8GLEMENT G\u00c9N\u00c9RAL SUR LA PROTECTION DES DONN\u00c9ES (RGPD) - Clip &#039;n Climb","isPartOf":{"@id":"https:\/\/clipnclimb.com\/fr\/#website"},"datePublished":"2019-12-17T08:02:07+00:00","dateModified":"2020-01-06T15:07:53+00:00","breadcrumb":{"@id":"https:\/\/clipnclimb.com\/fr\/politique-de-confidentialite-declaration-relative-aux-cookies-et-reglement-general-sur-la-protection-des-donnees-rgpd\/#breadcrumb"},"inLanguage":"fr-FR","potentialAction":[{"@type":"ReadAction","target":["https:\/\/clipnclimb.com\/fr\/politique-de-confidentialite-declaration-relative-aux-cookies-et-reglement-general-sur-la-protection-des-donnees-rgpd\/"]}]},{"@type":"BreadcrumbList","@id":"https:\/\/clipnclimb.com\/fr\/politique-de-confidentialite-declaration-relative-aux-cookies-et-reglement-general-sur-la-protection-des-donnees-rgpd\/#breadcrumb","itemListElement":[{"@type":"ListItem","position":1,"name":"Home","item":"https:\/\/35.179.61.138\/fr\/"},{"@type":"ListItem","position":2,"name":"POLITIQUE DE CONFIDENTIALIT\u00c9, D\u00c9CLARATION RELATIVE AUX COOKIES ET R\u00c8GLEMENT G\u00c9N\u00c9RAL SUR LA PROTECTION DES DONN\u00c9ES (RGPD)"}]},{"@type":"WebSite","@id":"https:\/\/clipnclimb.com\/fr\/#website","url":"https:\/\/clipnclimb.com\/fr\/","name":"Clip &#039;n Climb","description":"The leader and creator of the fun climbing industry!","potentialAction":[{"@type":"SearchAction","target":{"@type":"EntryPoint","urlTemplate":"https:\/\/clipnclimb.com\/fr\/?s={search_term_string}"},"query-input":{"@type":"PropertyValueSpecification","valueRequired":true,"valueName":"search_term_string"}}],"inLanguage":"fr-FR"}]}},"_links":{"self":[{"href":"https:\/\/clipnclimb.com\/fr\/wp-json\/wp\/v2\/pages\/15720","targetHints":{"allow":["GET"]}}],"collection":[{"href":"https:\/\/clipnclimb.com\/fr\/wp-json\/wp\/v2\/pages"}],"about":[{"href":"https:\/\/clipnclimb.com\/fr\/wp-json\/wp\/v2\/types\/page"}],"author":[{"embeddable":true,"href":"https:\/\/clipnclimb.com\/fr\/wp-json\/wp\/v2\/users\/2"}],"replies":[{"embeddable":true,"href":"https:\/\/clipnclimb.com\/fr\/wp-json\/wp\/v2\/comments?post=15720"}],"version-history":[{"count":0,"href":"https:\/\/clipnclimb.com\/fr\/wp-json\/wp\/v2\/pages\/15720\/revisions"}],"wp:attachment":[{"href":"https:\/\/clipnclimb.com\/fr\/wp-json\/wp\/v2\/media?parent=15720"}],"curies":[{"name":"wp","href":"https:\/\/api.w.org\/{rel}","templated":true}]}}