{"id":15724,"date":"2019-12-17T08:09:22","date_gmt":"2019-12-17T08:09:22","guid":{"rendered":"https:\/\/clipnclimb.com\/gamme-head-rush\/"},"modified":"2021-10-22T09:49:53","modified_gmt":"2021-10-22T08:49:53","slug":"gamme-head-rush","status":"publish","type":"page","link":"https:\/\/clipnclimb.com\/fr\/nos-produits\/gamme-head-rush\/","title":{"rendered":"Gamme Head Rush"},"content":{"rendered":"","protected":false},"excerpt":{"rendered":"","protected":false},"author":2,"featured_media":0,"parent":16129,"menu_order":0,"comment_status":"closed","ping_status":"closed","template":"template-single_product.php","meta":{"_acf_changed":false,"inline_featured_image":false},"class_list":["post-15724","page","type-page","status-publish","hentry"],"acf":[],"yoast_head":"<!-- This site is optimized with the Yoast SEO plugin v24.9 - https:\/\/yoast.com\/wordpress\/plugins\/seo\/ -->\n<title>Notre syst\u00e8me de s\u00e9curit\u00e9\u00a0: la gamme Head Rush<\/title>\n<meta name=\"description\" content=\"Toutes les salles Clip \u2019n Climb sont \u00e9quip\u00e9es d\u2019auto-assureurs TRUBLUE pour faire en sorte que nos grimpeurs profitent d\u2019une exp\u00e9rience s\u00fbre \u00e0 100\u00a0%.\" \/>\n<meta name=\"robots\" content=\"index, follow, max-snippet:-1, max-image-preview:large, max-video-preview:-1\" \/>\n<link rel=\"canonical\" href=\"https:\/\/clipnclimb.com\/fr\/nos-produits\/gamme-head-rush\/\" \/>\n<meta property=\"og:locale\" content=\"fr_FR\" \/>\n<meta property=\"og:type\" content=\"article\" \/>\n<meta property=\"og:title\" content=\"Notre syst\u00e8me de s\u00e9curit\u00e9\u00a0: la gamme Head Rush\" \/>\n<meta property=\"og:description\" content=\"Toutes les salles Clip \u2019n Climb sont \u00e9quip\u00e9es d\u2019auto-assureurs TRUBLUE pour faire en sorte que nos grimpeurs profitent d\u2019une exp\u00e9rience s\u00fbre \u00e0 100\u00a0%.\" \/>\n<meta property=\"og:url\" content=\"https:\/\/clipnclimb.com\/fr\/nos-produits\/gamme-head-rush\/\" \/>\n<meta property=\"og:site_name\" content=\"Clip &#039;n Climb\" \/>\n<meta property=\"article:modified_time\" content=\"2021-10-22T08:49:53+00:00\" \/>\n<meta name=\"twitter:card\" content=\"summary_large_image\" \/>\n<script type=\"application\/ld+json\" class=\"yoast-schema-graph\">{\"@context\":\"https:\/\/schema.org\",\"@graph\":[{\"@type\":\"WebPage\",\"@id\":\"https:\/\/clipnclimb.com\/fr\/nos-produits\/gamme-head-rush\/\",\"url\":\"https:\/\/clipnclimb.com\/fr\/nos-produits\/gamme-head-rush\/\",\"name\":\"Notre syst\u00e8me de s\u00e9curit\u00e9\u00a0: la gamme Head Rush\",\"isPartOf\":{\"@id\":\"https:\/\/clipnclimb.com\/fr\/#website\"},\"datePublished\":\"2019-12-17T08:09:22+00:00\",\"dateModified\":\"2021-10-22T08:49:53+00:00\",\"description\":\"Toutes les salles Clip \u2019n Climb sont \u00e9quip\u00e9es d\u2019auto-assureurs TRUBLUE pour faire en sorte que nos grimpeurs profitent d\u2019une exp\u00e9rience s\u00fbre \u00e0 100\u00a0%.\",\"breadcrumb\":{\"@id\":\"https:\/\/clipnclimb.com\/fr\/nos-produits\/gamme-head-rush\/#breadcrumb\"},\"inLanguage\":\"fr-FR\",\"potentialAction\":[{\"@type\":\"ReadAction\",\"target\":[\"https:\/\/clipnclimb.com\/fr\/nos-produits\/gamme-head-rush\/\"]}]},{\"@type\":\"BreadcrumbList\",\"@id\":\"https:\/\/clipnclimb.com\/fr\/nos-produits\/gamme-head-rush\/#breadcrumb\",\"itemListElement\":[{\"@type\":\"ListItem\",\"position\":1,\"name\":\"Home\",\"item\":\"https:\/\/35.179.61.138\/fr\/\"},{\"@type\":\"ListItem\",\"position\":2,\"name\":\"Nos produits\",\"item\":\"https:\/\/clipnclimb.com\/fr\/nos-produits\/\"},{\"@type\":\"ListItem\",\"position\":3,\"name\":\"Gamme Head Rush\"}]},{\"@type\":\"WebSite\",\"@id\":\"https:\/\/clipnclimb.com\/fr\/#website\",\"url\":\"https:\/\/clipnclimb.com\/fr\/\",\"name\":\"Clip &#039;n Climb\",\"description\":\"The leader and creator of the fun climbing industry!\",\"potentialAction\":[{\"@type\":\"SearchAction\",\"target\":{\"@type\":\"EntryPoint\",\"urlTemplate\":\"https:\/\/clipnclimb.com\/fr\/?s={search_term_string}\"},\"query-input\":{\"@type\":\"PropertyValueSpecification\",\"valueRequired\":true,\"valueName\":\"search_term_string\"}}],\"inLanguage\":\"fr-FR\"}]}<\/script>\n<!-- \/ Yoast SEO plugin. -->","yoast_head_json":{"title":"Notre syst\u00e8me de s\u00e9curit\u00e9\u00a0: la gamme Head Rush","description":"Toutes les salles Clip \u2019n Climb sont \u00e9quip\u00e9es d\u2019auto-assureurs TRUBLUE pour faire en sorte que nos grimpeurs profitent d\u2019une exp\u00e9rience s\u00fbre \u00e0 100\u00a0%.","robots":{"index":"index","follow":"follow","max-snippet":"max-snippet:-1","max-image-preview":"max-image-preview:large","max-video-preview":"max-video-preview:-1"},"canonical":"https:\/\/clipnclimb.com\/fr\/nos-produits\/gamme-head-rush\/","og_locale":"fr_FR","og_type":"article","og_title":"Notre syst\u00e8me de s\u00e9curit\u00e9\u00a0: la gamme Head Rush","og_description":"Toutes les salles Clip \u2019n Climb sont \u00e9quip\u00e9es d\u2019auto-assureurs TRUBLUE pour faire en sorte que nos grimpeurs profitent d\u2019une exp\u00e9rience s\u00fbre \u00e0 100\u00a0%.","og_url":"https:\/\/clipnclimb.com\/fr\/nos-produits\/gamme-head-rush\/","og_site_name":"Clip &#039;n Climb","article_modified_time":"2021-10-22T08:49:53+00:00","twitter_card":"summary_large_image","schema":{"@context":"https:\/\/schema.org","@graph":[{"@type":"WebPage","@id":"https:\/\/clipnclimb.com\/fr\/nos-produits\/gamme-head-rush\/","url":"https:\/\/clipnclimb.com\/fr\/nos-produits\/gamme-head-rush\/","name":"Notre syst\u00e8me de s\u00e9curit\u00e9\u00a0: la gamme Head Rush","isPartOf":{"@id":"https:\/\/clipnclimb.com\/fr\/#website"},"datePublished":"2019-12-17T08:09:22+00:00","dateModified":"2021-10-22T08:49:53+00:00","description":"Toutes les salles Clip \u2019n Climb sont \u00e9quip\u00e9es d\u2019auto-assureurs TRUBLUE pour faire en sorte que nos grimpeurs profitent d\u2019une exp\u00e9rience s\u00fbre \u00e0 100\u00a0%.","breadcrumb":{"@id":"https:\/\/clipnclimb.com\/fr\/nos-produits\/gamme-head-rush\/#breadcrumb"},"inLanguage":"fr-FR","potentialAction":[{"@type":"ReadAction","target":["https:\/\/clipnclimb.com\/fr\/nos-produits\/gamme-head-rush\/"]}]},{"@type":"BreadcrumbList","@id":"https:\/\/clipnclimb.com\/fr\/nos-produits\/gamme-head-rush\/#breadcrumb","itemListElement":[{"@type":"ListItem","position":1,"name":"Home","item":"https:\/\/35.179.61.138\/fr\/"},{"@type":"ListItem","position":2,"name":"Nos produits","item":"https:\/\/clipnclimb.com\/fr\/nos-produits\/"},{"@type":"ListItem","position":3,"name":"Gamme Head Rush"}]},{"@type":"WebSite","@id":"https:\/\/clipnclimb.com\/fr\/#website","url":"https:\/\/clipnclimb.com\/fr\/","name":"Clip &#039;n Climb","description":"The leader and creator of the fun climbing industry!","potentialAction":[{"@type":"SearchAction","target":{"@type":"EntryPoint","urlTemplate":"https:\/\/clipnclimb.com\/fr\/?s={search_term_string}"},"query-input":{"@type":"PropertyValueSpecification","valueRequired":true,"valueName":"search_term_string"}}],"inLanguage":"fr-FR"}]}},"_links":{"self":[{"href":"https:\/\/clipnclimb.com\/fr\/wp-json\/wp\/v2\/pages\/15724","targetHints":{"allow":["GET"]}}],"collection":[{"href":"https:\/\/clipnclimb.com\/fr\/wp-json\/wp\/v2\/pages"}],"about":[{"href":"https:\/\/clipnclimb.com\/fr\/wp-json\/wp\/v2\/types\/page"}],"author":[{"embeddable":true,"href":"https:\/\/clipnclimb.com\/fr\/wp-json\/wp\/v2\/users\/2"}],"replies":[{"embeddable":true,"href":"https:\/\/clipnclimb.com\/fr\/wp-json\/wp\/v2\/comments?post=15724"}],"version-history":[{"count":0,"href":"https:\/\/clipnclimb.com\/fr\/wp-json\/wp\/v2\/pages\/15724\/revisions"}],"up":[{"embeddable":true,"href":"https:\/\/clipnclimb.com\/fr\/wp-json\/wp\/v2\/pages\/16129"}],"wp:attachment":[{"href":"https:\/\/clipnclimb.com\/fr\/wp-json\/wp\/v2\/media?parent=15724"}],"curies":[{"name":"wp","href":"https:\/\/api.w.org\/{rel}","templated":true}]}}