{"id":15725,"date":"2019-12-17T08:09:25","date_gmt":"2019-12-17T08:09:25","guid":{"rendered":"https:\/\/clipnclimb.com\/activits\/"},"modified":"2024-05-15T10:50:50","modified_gmt":"2024-05-15T08:50:50","slug":"activits","status":"publish","type":"page","link":"https:\/\/clipnclimb.com\/fr\/nos-produits\/activits\/","title":{"rendered":"Activit&eacute;s"},"content":{"rendered":"","protected":false},"excerpt":{"rendered":"","protected":false},"author":2,"featured_media":0,"parent":16129,"menu_order":0,"comment_status":"closed","ping_status":"closed","template":"template-pagebuilder.php","meta":{"_acf_changed":false,"inline_featured_image":false},"class_list":["post-15725","page","type-page","status-publish","hentry"],"acf":[],"yoast_head":"<!-- This site is optimized with the Yoast SEO plugin v24.9 - https:\/\/yoast.com\/wordpress\/plugins\/seo\/ -->\n<title>Les activit\u00e9s Clip \u2019n Climb disponibles pour une salle qui pla\u00eet\u00a0!<\/title>\n<meta name=\"description\" content=\"Si vous voulez cr\u00e9er un centre Clip \u2019n Climb rentable, il vous faudra offrir un \u00e9ventail d\u2019activit\u00e9s pour inciter les clients \u00e0 venir r\u00e9guli\u00e8rement.\" \/>\n<meta name=\"robots\" content=\"index, follow, max-snippet:-1, max-image-preview:large, max-video-preview:-1\" \/>\n<link rel=\"canonical\" href=\"https:\/\/clipnclimb.com\/fr\/nos-produits\/activits\/\" \/>\n<meta property=\"og:locale\" content=\"fr_FR\" \/>\n<meta property=\"og:type\" content=\"article\" \/>\n<meta property=\"og:title\" content=\"Les activit\u00e9s Clip \u2019n Climb disponibles pour une salle qui pla\u00eet\u00a0!\" \/>\n<meta property=\"og:description\" content=\"Si vous voulez cr\u00e9er un centre Clip \u2019n Climb rentable, il vous faudra offrir un \u00e9ventail d\u2019activit\u00e9s pour inciter les clients \u00e0 venir r\u00e9guli\u00e8rement.\" \/>\n<meta property=\"og:url\" content=\"https:\/\/clipnclimb.com\/fr\/nos-produits\/activits\/\" \/>\n<meta property=\"og:site_name\" content=\"Clip &#039;n Climb\" \/>\n<meta property=\"article:modified_time\" content=\"2024-05-15T08:50:50+00:00\" \/>\n<meta name=\"twitter:card\" content=\"summary_large_image\" \/>\n<script type=\"application\/ld+json\" class=\"yoast-schema-graph\">{\"@context\":\"https:\/\/schema.org\",\"@graph\":[{\"@type\":\"WebPage\",\"@id\":\"https:\/\/clipnclimb.com\/fr\/nos-produits\/activits\/\",\"url\":\"https:\/\/clipnclimb.com\/fr\/nos-produits\/activits\/\",\"name\":\"Les activit\u00e9s Clip \u2019n Climb disponibles pour une salle qui pla\u00eet\u00a0!\",\"isPartOf\":{\"@id\":\"https:\/\/clipnclimb.com\/fr\/#website\"},\"datePublished\":\"2019-12-17T08:09:25+00:00\",\"dateModified\":\"2024-05-15T08:50:50+00:00\",\"description\":\"Si vous voulez cr\u00e9er un centre Clip \u2019n Climb rentable, il vous faudra offrir un \u00e9ventail d\u2019activit\u00e9s pour inciter les clients \u00e0 venir r\u00e9guli\u00e8rement.\",\"breadcrumb\":{\"@id\":\"https:\/\/clipnclimb.com\/fr\/nos-produits\/activits\/#breadcrumb\"},\"inLanguage\":\"fr-FR\",\"potentialAction\":[{\"@type\":\"ReadAction\",\"target\":[\"https:\/\/clipnclimb.com\/fr\/nos-produits\/activits\/\"]}]},{\"@type\":\"BreadcrumbList\",\"@id\":\"https:\/\/clipnclimb.com\/fr\/nos-produits\/activits\/#breadcrumb\",\"itemListElement\":[{\"@type\":\"ListItem\",\"position\":1,\"name\":\"Home\",\"item\":\"https:\/\/35.179.61.138\/fr\/\"},{\"@type\":\"ListItem\",\"position\":2,\"name\":\"Nos produits\",\"item\":\"https:\/\/clipnclimb.com\/fr\/nos-produits\/\"},{\"@type\":\"ListItem\",\"position\":3,\"name\":\"Activit&eacute;s\"}]},{\"@type\":\"WebSite\",\"@id\":\"https:\/\/clipnclimb.com\/fr\/#website\",\"url\":\"https:\/\/clipnclimb.com\/fr\/\",\"name\":\"Clip &#039;n Climb\",\"description\":\"The leader and creator of the fun climbing industry!\",\"potentialAction\":[{\"@type\":\"SearchAction\",\"target\":{\"@type\":\"EntryPoint\",\"urlTemplate\":\"https:\/\/clipnclimb.com\/fr\/?s={search_term_string}\"},\"query-input\":{\"@type\":\"PropertyValueSpecification\",\"valueRequired\":true,\"valueName\":\"search_term_string\"}}],\"inLanguage\":\"fr-FR\"}]}<\/script>\n<!-- \/ Yoast SEO plugin. -->","yoast_head_json":{"title":"Les activit\u00e9s Clip \u2019n Climb disponibles pour une salle qui pla\u00eet\u00a0!","description":"Si vous voulez cr\u00e9er un centre Clip \u2019n Climb rentable, il vous faudra offrir un \u00e9ventail d\u2019activit\u00e9s pour inciter les clients \u00e0 venir r\u00e9guli\u00e8rement.","robots":{"index":"index","follow":"follow","max-snippet":"max-snippet:-1","max-image-preview":"max-image-preview:large","max-video-preview":"max-video-preview:-1"},"canonical":"https:\/\/clipnclimb.com\/fr\/nos-produits\/activits\/","og_locale":"fr_FR","og_type":"article","og_title":"Les activit\u00e9s Clip \u2019n Climb disponibles pour une salle qui pla\u00eet\u00a0!","og_description":"Si vous voulez cr\u00e9er un centre Clip \u2019n Climb rentable, il vous faudra offrir un \u00e9ventail d\u2019activit\u00e9s pour inciter les clients \u00e0 venir r\u00e9guli\u00e8rement.","og_url":"https:\/\/clipnclimb.com\/fr\/nos-produits\/activits\/","og_site_name":"Clip &#039;n Climb","article_modified_time":"2024-05-15T08:50:50+00:00","twitter_card":"summary_large_image","schema":{"@context":"https:\/\/schema.org","@graph":[{"@type":"WebPage","@id":"https:\/\/clipnclimb.com\/fr\/nos-produits\/activits\/","url":"https:\/\/clipnclimb.com\/fr\/nos-produits\/activits\/","name":"Les activit\u00e9s Clip \u2019n Climb disponibles pour une salle qui pla\u00eet\u00a0!","isPartOf":{"@id":"https:\/\/clipnclimb.com\/fr\/#website"},"datePublished":"2019-12-17T08:09:25+00:00","dateModified":"2024-05-15T08:50:50+00:00","description":"Si vous voulez cr\u00e9er un centre Clip \u2019n Climb rentable, il vous faudra offrir un \u00e9ventail d\u2019activit\u00e9s pour inciter les clients \u00e0 venir r\u00e9guli\u00e8rement.","breadcrumb":{"@id":"https:\/\/clipnclimb.com\/fr\/nos-produits\/activits\/#breadcrumb"},"inLanguage":"fr-FR","potentialAction":[{"@type":"ReadAction","target":["https:\/\/clipnclimb.com\/fr\/nos-produits\/activits\/"]}]},{"@type":"BreadcrumbList","@id":"https:\/\/clipnclimb.com\/fr\/nos-produits\/activits\/#breadcrumb","itemListElement":[{"@type":"ListItem","position":1,"name":"Home","item":"https:\/\/35.179.61.138\/fr\/"},{"@type":"ListItem","position":2,"name":"Nos produits","item":"https:\/\/clipnclimb.com\/fr\/nos-produits\/"},{"@type":"ListItem","position":3,"name":"Activit&eacute;s"}]},{"@type":"WebSite","@id":"https:\/\/clipnclimb.com\/fr\/#website","url":"https:\/\/clipnclimb.com\/fr\/","name":"Clip &#039;n Climb","description":"The leader and creator of the fun climbing industry!","potentialAction":[{"@type":"SearchAction","target":{"@type":"EntryPoint","urlTemplate":"https:\/\/clipnclimb.com\/fr\/?s={search_term_string}"},"query-input":{"@type":"PropertyValueSpecification","valueRequired":true,"valueName":"search_term_string"}}],"inLanguage":"fr-FR"}]}},"_links":{"self":[{"href":"https:\/\/clipnclimb.com\/fr\/wp-json\/wp\/v2\/pages\/15725","targetHints":{"allow":["GET"]}}],"collection":[{"href":"https:\/\/clipnclimb.com\/fr\/wp-json\/wp\/v2\/pages"}],"about":[{"href":"https:\/\/clipnclimb.com\/fr\/wp-json\/wp\/v2\/types\/page"}],"author":[{"embeddable":true,"href":"https:\/\/clipnclimb.com\/fr\/wp-json\/wp\/v2\/users\/2"}],"replies":[{"embeddable":true,"href":"https:\/\/clipnclimb.com\/fr\/wp-json\/wp\/v2\/comments?post=15725"}],"version-history":[{"count":2,"href":"https:\/\/clipnclimb.com\/fr\/wp-json\/wp\/v2\/pages\/15725\/revisions"}],"predecessor-version":[{"id":25536,"href":"https:\/\/clipnclimb.com\/fr\/wp-json\/wp\/v2\/pages\/15725\/revisions\/25536"}],"up":[{"embeddable":true,"href":"https:\/\/clipnclimb.com\/fr\/wp-json\/wp\/v2\/pages\/16129"}],"wp:attachment":[{"href":"https:\/\/clipnclimb.com\/fr\/wp-json\/wp\/v2\/media?parent=15725"}],"curies":[{"name":"wp","href":"https:\/\/api.w.org\/{rel}","templated":true}]}}