{"id":15752,"date":"2019-12-17T08:10:13","date_gmt":"2019-12-17T08:10:13","guid":{"rendered":"https:\/\/clipnclimb.com\/valomotion\/"},"modified":"2019-12-27T13:56:05","modified_gmt":"2019-12-27T13:56:05","slug":"valomotion","status":"publish","type":"page","link":"https:\/\/clipnclimb.com\/fr\/nos-produits\/valomotion\/","title":{"rendered":"ValoMotion"},"content":{"rendered":"","protected":false},"excerpt":{"rendered":"","protected":false},"author":13,"featured_media":0,"parent":16129,"menu_order":0,"comment_status":"closed","ping_status":"closed","template":"template-single_product.php","meta":{"_acf_changed":false,"inline_featured_image":false},"class_list":["post-15752","page","type-page","status-publish","hentry"],"acf":[],"yoast_head":"<!-- This site is optimized with the Yoast SEO plugin v24.9 - https:\/\/yoast.com\/wordpress\/plugins\/seo\/ -->\n<title>Valomotion\u00a0: De nouvelles fa\u00e7ons de faire du sport en s\u2019amusant\u00a0!<\/title>\n<meta name=\"description\" content=\"Vous \u00eates \u00e0 la recherche d\u2019une nouvelle id\u00e9e sympa pour votre salle Clip \u2019n Climb\u00a0? Ajoutez un mur d\u2019escalade interactif \u00e9quip\u00e9 de ValoClimb ou ValoJump pour donner une nouvelle envergure \u00e0 votre parc de trampolines\u00a0!\" \/>\n<meta name=\"robots\" content=\"index, follow, max-snippet:-1, max-image-preview:large, max-video-preview:-1\" \/>\n<link rel=\"canonical\" href=\"https:\/\/clipnclimb.com\/fr\/nos-produits\/valomotion\/\" \/>\n<meta property=\"og:locale\" content=\"fr_FR\" \/>\n<meta property=\"og:type\" content=\"article\" \/>\n<meta property=\"og:title\" content=\"Valomotion\u00a0: De nouvelles fa\u00e7ons de faire du sport en s\u2019amusant\u00a0!\" \/>\n<meta property=\"og:description\" content=\"Vous \u00eates \u00e0 la recherche d\u2019une nouvelle id\u00e9e sympa pour votre salle Clip \u2019n Climb\u00a0? Ajoutez un mur d\u2019escalade interactif \u00e9quip\u00e9 de ValoClimb ou ValoJump pour donner une nouvelle envergure \u00e0 votre parc de trampolines\u00a0!\" \/>\n<meta property=\"og:url\" content=\"https:\/\/clipnclimb.com\/fr\/nos-produits\/valomotion\/\" \/>\n<meta property=\"og:site_name\" content=\"Clip &#039;n Climb\" \/>\n<meta property=\"article:modified_time\" content=\"2019-12-27T13:56:05+00:00\" \/>\n<meta name=\"twitter:card\" content=\"summary_large_image\" \/>\n<script type=\"application\/ld+json\" class=\"yoast-schema-graph\">{\"@context\":\"https:\/\/schema.org\",\"@graph\":[{\"@type\":\"WebPage\",\"@id\":\"https:\/\/clipnclimb.com\/fr\/nos-produits\/valomotion\/\",\"url\":\"https:\/\/clipnclimb.com\/fr\/nos-produits\/valomotion\/\",\"name\":\"Valomotion\u00a0: De nouvelles fa\u00e7ons de faire du sport en s\u2019amusant\u00a0!\",\"isPartOf\":{\"@id\":\"https:\/\/clipnclimb.com\/fr\/#website\"},\"datePublished\":\"2019-12-17T08:10:13+00:00\",\"dateModified\":\"2019-12-27T13:56:05+00:00\",\"description\":\"Vous \u00eates \u00e0 la recherche d\u2019une nouvelle id\u00e9e sympa pour votre salle Clip \u2019n Climb\u00a0? Ajoutez un mur d\u2019escalade interactif \u00e9quip\u00e9 de ValoClimb ou ValoJump pour donner une nouvelle envergure \u00e0 votre parc de trampolines\u00a0!\",\"breadcrumb\":{\"@id\":\"https:\/\/clipnclimb.com\/fr\/nos-produits\/valomotion\/#breadcrumb\"},\"inLanguage\":\"fr-FR\",\"potentialAction\":[{\"@type\":\"ReadAction\",\"target\":[\"https:\/\/clipnclimb.com\/fr\/nos-produits\/valomotion\/\"]}]},{\"@type\":\"BreadcrumbList\",\"@id\":\"https:\/\/clipnclimb.com\/fr\/nos-produits\/valomotion\/#breadcrumb\",\"itemListElement\":[{\"@type\":\"ListItem\",\"position\":1,\"name\":\"Home\",\"item\":\"https:\/\/35.179.61.138\/fr\/\"},{\"@type\":\"ListItem\",\"position\":2,\"name\":\"Nos produits\",\"item\":\"https:\/\/clipnclimb.com\/fr\/nos-produits\/\"},{\"@type\":\"ListItem\",\"position\":3,\"name\":\"ValoMotion\"}]},{\"@type\":\"WebSite\",\"@id\":\"https:\/\/clipnclimb.com\/fr\/#website\",\"url\":\"https:\/\/clipnclimb.com\/fr\/\",\"name\":\"Clip &#039;n Climb\",\"description\":\"The leader and creator of the fun climbing industry!\",\"potentialAction\":[{\"@type\":\"SearchAction\",\"target\":{\"@type\":\"EntryPoint\",\"urlTemplate\":\"https:\/\/clipnclimb.com\/fr\/?s={search_term_string}\"},\"query-input\":{\"@type\":\"PropertyValueSpecification\",\"valueRequired\":true,\"valueName\":\"search_term_string\"}}],\"inLanguage\":\"fr-FR\"}]}<\/script>\n<!-- \/ Yoast SEO plugin. -->","yoast_head_json":{"title":"Valomotion\u00a0: De nouvelles fa\u00e7ons de faire du sport en s\u2019amusant\u00a0!","description":"Vous \u00eates \u00e0 la recherche d\u2019une nouvelle id\u00e9e sympa pour votre salle Clip \u2019n Climb\u00a0? Ajoutez un mur d\u2019escalade interactif \u00e9quip\u00e9 de ValoClimb ou ValoJump pour donner une nouvelle envergure \u00e0 votre parc de trampolines\u00a0!","robots":{"index":"index","follow":"follow","max-snippet":"max-snippet:-1","max-image-preview":"max-image-preview:large","max-video-preview":"max-video-preview:-1"},"canonical":"https:\/\/clipnclimb.com\/fr\/nos-produits\/valomotion\/","og_locale":"fr_FR","og_type":"article","og_title":"Valomotion\u00a0: De nouvelles fa\u00e7ons de faire du sport en s\u2019amusant\u00a0!","og_description":"Vous \u00eates \u00e0 la recherche d\u2019une nouvelle id\u00e9e sympa pour votre salle Clip \u2019n Climb\u00a0? Ajoutez un mur d\u2019escalade interactif \u00e9quip\u00e9 de ValoClimb ou ValoJump pour donner une nouvelle envergure \u00e0 votre parc de trampolines\u00a0!","og_url":"https:\/\/clipnclimb.com\/fr\/nos-produits\/valomotion\/","og_site_name":"Clip &#039;n Climb","article_modified_time":"2019-12-27T13:56:05+00:00","twitter_card":"summary_large_image","schema":{"@context":"https:\/\/schema.org","@graph":[{"@type":"WebPage","@id":"https:\/\/clipnclimb.com\/fr\/nos-produits\/valomotion\/","url":"https:\/\/clipnclimb.com\/fr\/nos-produits\/valomotion\/","name":"Valomotion\u00a0: De nouvelles fa\u00e7ons de faire du sport en s\u2019amusant\u00a0!","isPartOf":{"@id":"https:\/\/clipnclimb.com\/fr\/#website"},"datePublished":"2019-12-17T08:10:13+00:00","dateModified":"2019-12-27T13:56:05+00:00","description":"Vous \u00eates \u00e0 la recherche d\u2019une nouvelle id\u00e9e sympa pour votre salle Clip \u2019n Climb\u00a0? Ajoutez un mur d\u2019escalade interactif \u00e9quip\u00e9 de ValoClimb ou ValoJump pour donner une nouvelle envergure \u00e0 votre parc de trampolines\u00a0!","breadcrumb":{"@id":"https:\/\/clipnclimb.com\/fr\/nos-produits\/valomotion\/#breadcrumb"},"inLanguage":"fr-FR","potentialAction":[{"@type":"ReadAction","target":["https:\/\/clipnclimb.com\/fr\/nos-produits\/valomotion\/"]}]},{"@type":"BreadcrumbList","@id":"https:\/\/clipnclimb.com\/fr\/nos-produits\/valomotion\/#breadcrumb","itemListElement":[{"@type":"ListItem","position":1,"name":"Home","item":"https:\/\/35.179.61.138\/fr\/"},{"@type":"ListItem","position":2,"name":"Nos produits","item":"https:\/\/clipnclimb.com\/fr\/nos-produits\/"},{"@type":"ListItem","position":3,"name":"ValoMotion"}]},{"@type":"WebSite","@id":"https:\/\/clipnclimb.com\/fr\/#website","url":"https:\/\/clipnclimb.com\/fr\/","name":"Clip &#039;n Climb","description":"The leader and creator of the fun climbing industry!","potentialAction":[{"@type":"SearchAction","target":{"@type":"EntryPoint","urlTemplate":"https:\/\/clipnclimb.com\/fr\/?s={search_term_string}"},"query-input":{"@type":"PropertyValueSpecification","valueRequired":true,"valueName":"search_term_string"}}],"inLanguage":"fr-FR"}]}},"_links":{"self":[{"href":"https:\/\/clipnclimb.com\/fr\/wp-json\/wp\/v2\/pages\/15752","targetHints":{"allow":["GET"]}}],"collection":[{"href":"https:\/\/clipnclimb.com\/fr\/wp-json\/wp\/v2\/pages"}],"about":[{"href":"https:\/\/clipnclimb.com\/fr\/wp-json\/wp\/v2\/types\/page"}],"author":[{"embeddable":true,"href":"https:\/\/clipnclimb.com\/fr\/wp-json\/wp\/v2\/users\/13"}],"replies":[{"embeddable":true,"href":"https:\/\/clipnclimb.com\/fr\/wp-json\/wp\/v2\/comments?post=15752"}],"version-history":[{"count":0,"href":"https:\/\/clipnclimb.com\/fr\/wp-json\/wp\/v2\/pages\/15752\/revisions"}],"up":[{"embeddable":true,"href":"https:\/\/clipnclimb.com\/fr\/wp-json\/wp\/v2\/pages\/16129"}],"wp:attachment":[{"href":"https:\/\/clipnclimb.com\/fr\/wp-json\/wp\/v2\/media?parent=15752"}],"curies":[{"name":"wp","href":"https:\/\/api.w.org\/{rel}","templated":true}]}}